{"id":2775,"date":"2024-03-04T09:49:31","date_gmt":"2024-03-04T08:49:31","guid":{"rendered":"https:\/\/www.casalinaelba.com\/suite-mandorlo\/"},"modified":"2024-05-23T16:59:48","modified_gmt":"2024-05-23T14:59:48","slug":"mandelbaum-suite","status":"publish","type":"page","link":"https:\/\/www.casalinaelba.com\/de\/mandelbaum-suite\/","title":{"rendered":"Mandelbaum Suite"},"content":{"rendered":"\t\t<div data-elementor-type=\"wp-page\" data-elementor-id=\"2775\" class=\"elementor elementor-2775 elementor-1604\">\n\t\t\t\t<div class=\"elementor-element elementor-element-79cd4c2 e-flex e-con-boxed e-con e-parent\" data-id=\"79cd4c2\" data-element_type=\"container\" data-settings=\"{&quot;background_background&quot;:&quot;classic&quot;}\">\n\t\t\t\t\t<div class=\"e-con-inner\">\n\t\t\t\t<div class=\"elementor-element elementor-element-10471fa elementor-widget elementor-widget-spacer\" data-id=\"10471fa\" data-element_type=\"widget\" data-widget_type=\"spacer.default\">\n\t\t\t\t<div class=\"elementor-widget-container\">\n\t\t\t\t\t\t\t<div class=\"elementor-spacer\">\n\t\t\t<div class=\"elementor-spacer-inner\"><\/div>\n\t\t<\/div>\n\t\t\t\t\t\t<\/div>\n\t\t\t\t<\/div>\n\t\t\t\t\t<\/div>\n\t\t\t\t<\/div>\n\t\t<div class=\"elementor-element elementor-element-7122c43c e-flex e-con-boxed e-con e-parent\" data-id=\"7122c43c\" data-element_type=\"container\">\n\t\t\t\t\t<div class=\"e-con-inner\">\n\t\t\t\t<div class=\"elementor-element elementor-element-5afdca27 section-title__tagline elementor-widget elementor-widget-heading\" data-id=\"5afdca27\" data-element_type=\"widget\" data-widget_type=\"heading.default\">\n\t\t\t\t<div class=\"elementor-widget-container\">\n\t\t\t\t\t<span class=\"elementor-heading-title elementor-size-default\">B&B Casalina<\/span>\t\t\t\t<\/div>\n\t\t\t\t<\/div>\n\t\t\t\t<div class=\"elementor-element elementor-element-64ce96a4 section-title__title elementor-widget elementor-widget-heading\" data-id=\"64ce96a4\" data-element_type=\"widget\" data-widget_type=\"heading.default\">\n\t\t\t\t<div class=\"elementor-widget-container\">\n\t\t\t\t\t<h2 class=\"elementor-heading-title elementor-size-default\">Die Mandelbaum Suite<\/h2>\t\t\t\t<\/div>\n\t\t\t\t<\/div>\n\t\t\t\t<div class=\"elementor-element elementor-element-284652c0 elementor-widget elementor-widget-text-editor\" data-id=\"284652c0\" data-element_type=\"widget\" data-widget_type=\"text-editor.default\">\n\t\t\t\t<div class=\"elementor-widget-container\">\n\t\t\t\t\t\t\t\t\t<p class=\"mb-4\">Sie befindet sich in der oberen Etage. Die Pastellfarben, die M\u00f6bel sind in der toskanischen Tradition, ein dekorativer Kamin bereichert die Einrichtung eines sehr gro\u00dfen Doppelschlafzimmers mit Blick auf die Landschaft.<\/p>\n<p class=\"mb-4\">Das private Wohnzimmer kann sich als gute L\u00f6sung f\u00fcr diejenigen erweisen, die eventuell einen eleganten Arbeitsplatz m\u00f6chten, kann aber bei Bedarf in ein zweites Schlafzimmer umgewandelt werden.<\/p>\n<p class=\"mb-0\">Das private Badezimmer verf\u00fcgt \u00fcber eine Dusche und eine Whirlpool-Badewanne. Die Suite ist mit Welan, TV, Klimaanlage, Minibar und einem kleinen Safe ausgestattet.<\/p>\t\t\t\t\t\t\t\t<\/div>\n\t\t\t\t<\/div>\n\t\t\t\t\t<\/div>\n\t\t\t\t<\/div>\n\t\t<div class=\"elementor-element elementor-element-3915187 e-con-full e-flex e-con e-parent\" data-id=\"3915187\" data-element_type=\"container\" data-settings=\"{&quot;background_background&quot;:&quot;classic&quot;}\">\n\t\t<div class=\"elementor-element elementor-element-4c02634 e-con-full e-flex e-con e-child\" data-id=\"4c02634\" data-element_type=\"container\">\n\t\t\t\t<div class=\"elementor-element elementor-element-1b3e1cd elementor-widget elementor-widget-delogis-gallery\" data-id=\"1b3e1cd\" data-element_type=\"widget\" data-widget_type=\"delogis-gallery.default\">\n\t\t\t\t<div class=\"elementor-widget-container\">\n\t\t\t\t\t    <!--Gallery Page Start-->\r\n    <section class=\"gallery-page\">\r\n        <div class=\"container\">\r\n            <div class=\"row masonary-layout\">\r\n                                    <!--Gallery Page Single Start-->\r\n                    <div class=\"col-xl-4 col-lg-6 col-md-6\">\r\n                        <div class=\"gallery-page__single\">\r\n                            <div class=\"gallery-page__img\">\r\n                                <img decoding=\"async\" src=\"https:\/\/www.casalinaelba.com\/wp-content\/uploads\/gallery_mandorlo_01.jpg\" alt=\"Suite Mandorlo\" title=\"Suite Mandorlo\" >                                <div class=\"gallery-page__icon\">\r\n                                    <a class=\"img-popup\" href=\"https:\/\/www.casalinaelba.com\/wp-content\/uploads\/gallery_mandorlo_01.jpg\">\r\n                                        <span aria-hidden=\"true\" class=\"  icon-plus\"><\/span>                                    <\/a>\r\n                                <\/div>\r\n                            <\/div>\r\n                        <\/div>\r\n                    <\/div>\r\n                    <!--Gallery Page Single End-->\r\n                                    <!--Gallery Page Single Start-->\r\n                    <div class=\"col-xl-4 col-lg-6 col-md-6\">\r\n                        <div class=\"gallery-page__single\">\r\n                            <div class=\"gallery-page__img\">\r\n                                <img decoding=\"async\" src=\"https:\/\/www.casalinaelba.com\/wp-content\/uploads\/gallery_mandorlo_02.jpg\" alt=\"Suite Mandorlo\" title=\"Suite Mandorlo\" >                                <div class=\"gallery-page__icon\">\r\n                                    <a class=\"img-popup\" href=\"https:\/\/www.casalinaelba.com\/wp-content\/uploads\/gallery_mandorlo_02.jpg\">\r\n                                        <span aria-hidden=\"true\" class=\"  icon-plus\"><\/span>                                    <\/a>\r\n                                <\/div>\r\n                            <\/div>\r\n                        <\/div>\r\n                    <\/div>\r\n                    <!--Gallery Page Single End-->\r\n                                    <!--Gallery Page Single Start-->\r\n                    <div class=\"col-xl-4 col-lg-6 col-md-6\">\r\n                        <div class=\"gallery-page__single\">\r\n                            <div class=\"gallery-page__img\">\r\n                                <img decoding=\"async\" src=\"https:\/\/www.casalinaelba.com\/wp-content\/uploads\/gallery_mandorlo_03.jpg\" alt=\"Suite Mandorlo\" title=\"Suite Mandorlo\" >                                <div class=\"gallery-page__icon\">\r\n                                    <a class=\"img-popup\" href=\"https:\/\/www.casalinaelba.com\/wp-content\/uploads\/gallery_mandorlo_03.jpg\">\r\n                                        <span aria-hidden=\"true\" class=\"  icon-plus\"><\/span>                                    <\/a>\r\n                                <\/div>\r\n                            <\/div>\r\n                        <\/div>\r\n                    <\/div>\r\n                    <!--Gallery Page Single End-->\r\n                                    <!--Gallery Page Single Start-->\r\n                    <div class=\"col-xl-4 col-lg-6 col-md-6\">\r\n                        <div class=\"gallery-page__single\">\r\n                            <div class=\"gallery-page__img\">\r\n                                <img decoding=\"async\" src=\"https:\/\/www.casalinaelba.com\/wp-content\/uploads\/gallery_mandorlo_04.jpg\" alt=\"Suite Mandorlo\" title=\"Suite Mandorlo\" >                                <div class=\"gallery-page__icon\">\r\n                                    <a class=\"img-popup\" href=\"https:\/\/www.casalinaelba.com\/wp-content\/uploads\/gallery_mandorlo_04.jpg\">\r\n                                        <span aria-hidden=\"true\" class=\"  icon-plus\"><\/span>                                    <\/a>\r\n                                <\/div>\r\n                            <\/div>\r\n                        <\/div>\r\n                    <\/div>\r\n                    <!--Gallery Page Single End-->\r\n                                    <!--Gallery Page Single Start-->\r\n                    <div class=\"col-xl-4 col-lg-6 col-md-6\">\r\n                        <div class=\"gallery-page__single\">\r\n                            <div class=\"gallery-page__img\">\r\n                                <img decoding=\"async\" src=\"https:\/\/www.casalinaelba.com\/wp-content\/uploads\/gallery_mandorlo_05.jpg\" alt=\"Suite Mandorlo\" title=\"Suite Mandorlo\" >                                <div class=\"gallery-page__icon\">\r\n                                    <a class=\"img-popup\" href=\"https:\/\/www.casalinaelba.com\/wp-content\/uploads\/gallery_mandorlo_05.jpg\">\r\n                                        <span aria-hidden=\"true\" class=\"  icon-plus\"><\/span>                                    <\/a>\r\n                                <\/div>\r\n                            <\/div>\r\n                        <\/div>\r\n                    <\/div>\r\n                    <!--Gallery Page Single End-->\r\n                                    <!--Gallery Page Single Start-->\r\n                    <div class=\"col-xl-4 col-lg-6 col-md-6\">\r\n                        <div class=\"gallery-page__single\">\r\n                            <div class=\"gallery-page__img\">\r\n                                <img decoding=\"async\" src=\"https:\/\/www.casalinaelba.com\/wp-content\/uploads\/gallery_mandorlo_06.jpg\" alt=\"Suite Mandorlo\" title=\"Suite Mandorlo\" >                                <div class=\"gallery-page__icon\">\r\n                                    <a class=\"img-popup\" href=\"https:\/\/www.casalinaelba.com\/wp-content\/uploads\/gallery_mandorlo_06.jpg\">\r\n                                        <span aria-hidden=\"true\" class=\"  icon-plus\"><\/span>                                    <\/a>\r\n                                <\/div>\r\n                            <\/div>\r\n                        <\/div>\r\n                    <\/div>\r\n                    <!--Gallery Page Single End-->\r\n                                    <!--Gallery Page Single Start-->\r\n                    <div class=\"col-xl-4 col-lg-6 col-md-6\">\r\n                        <div class=\"gallery-page__single\">\r\n                            <div class=\"gallery-page__img\">\r\n                                <img decoding=\"async\" src=\"https:\/\/www.casalinaelba.com\/wp-content\/uploads\/gallery_mandorlo_07.jpg\" alt=\"Suite Mandorlo\" title=\"Suite Mandorlo\" >                                <div class=\"gallery-page__icon\">\r\n                                    <a class=\"img-popup\" href=\"https:\/\/www.casalinaelba.com\/wp-content\/uploads\/gallery_mandorlo_07.jpg\">\r\n                                        <span aria-hidden=\"true\" class=\"  icon-plus\"><\/span>                                    <\/a>\r\n                                <\/div>\r\n                            <\/div>\r\n                        <\/div>\r\n                    <\/div>\r\n                    <!--Gallery Page Single End-->\r\n                                    <!--Gallery Page Single Start-->\r\n                    <div class=\"col-xl-4 col-lg-6 col-md-6\">\r\n                        <div class=\"gallery-page__single\">\r\n                            <div class=\"gallery-page__img\">\r\n                                <img decoding=\"async\" src=\"https:\/\/www.casalinaelba.com\/wp-content\/uploads\/gallery_mandorlo_08.jpg\" alt=\"Suite Mandorlo\" title=\"Suite Mandorlo\" >                                <div class=\"gallery-page__icon\">\r\n                                    <a class=\"img-popup\" href=\"https:\/\/www.casalinaelba.com\/wp-content\/uploads\/gallery_mandorlo_08.jpg\">\r\n                                        <span aria-hidden=\"true\" class=\"  icon-plus\"><\/span>                                    <\/a>\r\n                                <\/div>\r\n                            <\/div>\r\n                        <\/div>\r\n                    <\/div>\r\n                    <!--Gallery Page Single End-->\r\n                                    <!--Gallery Page Single Start-->\r\n                    <div class=\"col-xl-4 col-lg-6 col-md-6\">\r\n                        <div class=\"gallery-page__single\">\r\n                            <div class=\"gallery-page__img\">\r\n                                <img decoding=\"async\" src=\"https:\/\/www.casalinaelba.com\/wp-content\/uploads\/gallery_mandorlo_09.jpg\" alt=\"Suite Mandorlo\" title=\"Suite Mandorlo\" >                                <div class=\"gallery-page__icon\">\r\n                                    <a class=\"img-popup\" href=\"https:\/\/www.casalinaelba.com\/wp-content\/uploads\/gallery_mandorlo_09.jpg\">\r\n                                        <span aria-hidden=\"true\" class=\"  icon-plus\"><\/span>                                    <\/a>\r\n                                <\/div>\r\n                            <\/div>\r\n                        <\/div>\r\n                    <\/div>\r\n                    <!--Gallery Page Single End-->\r\n                                    <!--Gallery Page Single Start-->\r\n                    <div class=\"col-xl-4 col-lg-6 col-md-6\">\r\n                        <div class=\"gallery-page__single\">\r\n                            <div class=\"gallery-page__img\">\r\n                                <img decoding=\"async\" src=\"https:\/\/www.casalinaelba.com\/wp-content\/uploads\/gallery_mandorlo_10.jpg\" alt=\"Suite Mandorlo\" title=\"Suite Mandorlo\" >                                <div class=\"gallery-page__icon\">\r\n                                    <a class=\"img-popup\" href=\"https:\/\/www.casalinaelba.com\/wp-content\/uploads\/gallery_mandorlo_10.jpg\">\r\n                                        <span aria-hidden=\"true\" class=\"  icon-plus\"><\/span>                                    <\/a>\r\n                                <\/div>\r\n                            <\/div>\r\n                        <\/div>\r\n                    <\/div>\r\n                    <!--Gallery Page Single End-->\r\n                                    <!--Gallery Page Single Start-->\r\n                    <div class=\"col-xl-4 col-lg-6 col-md-6\">\r\n                        <div class=\"gallery-page__single\">\r\n                            <div class=\"gallery-page__img\">\r\n                                <img decoding=\"async\" src=\"https:\/\/www.casalinaelba.com\/wp-content\/uploads\/gallery_mandorlo_11.jpg\" alt=\"Suite Mandorlo\" title=\"Suite Mandorlo\" >                                <div class=\"gallery-page__icon\">\r\n                                    <a class=\"img-popup\" href=\"https:\/\/www.casalinaelba.com\/wp-content\/uploads\/gallery_mandorlo_11.jpg\">\r\n                                        <span aria-hidden=\"true\" class=\"  icon-plus\"><\/span>                                    <\/a>\r\n                                <\/div>\r\n                            <\/div>\r\n                        <\/div>\r\n                    <\/div>\r\n                    <!--Gallery Page Single End-->\r\n                                    <!--Gallery Page Single Start-->\r\n                    <div class=\"col-xl-4 col-lg-6 col-md-6\">\r\n                        <div class=\"gallery-page__single\">\r\n                            <div class=\"gallery-page__img\">\r\n                                <img decoding=\"async\" src=\"https:\/\/www.casalinaelba.com\/wp-content\/uploads\/gallery_mandorlo_12.jpg\" alt=\"Suite Mandorlo\" title=\"Suite Mandorlo\" >                                <div class=\"gallery-page__icon\">\r\n                                    <a class=\"img-popup\" href=\"https:\/\/www.casalinaelba.com\/wp-content\/uploads\/gallery_mandorlo_12.jpg\">\r\n                                        <span aria-hidden=\"true\" class=\"  icon-plus\"><\/span>                                    <\/a>\r\n                                <\/div>\r\n                            <\/div>\r\n                        <\/div>\r\n                    <\/div>\r\n                    <!--Gallery Page Single End-->\r\n                            <\/div>\r\n        <\/div>\r\n    <\/section>\r\n    <!--Gallery Page End-->\r\n\t\t\t\t<\/div>\n\t\t\t\t<\/div>\n\t\t\t\t<\/div>\n\t\t\t\t<\/div>\n\t\t\t\t<\/div>\n\t\t","protected":false},"excerpt":{"rendered":"<p>B&#038;B Casalina Die Mandelbaum Suite Sie befindet sich in der oberen Etage. Die Pastellfarben, die M\u00f6bel sind in der toskanischen Tradition, ein dekorativer Kamin bereichert die Einrichtung eines sehr gro\u00dfen Doppelschlafzimmers mit Blick auf die Landschaft. Das private Wohnzimmer kann sich als gute L\u00f6sung f\u00fcr diejenigen erweisen, die eventuell einen eleganten Arbeitsplatz m\u00f6chten, kann aber [&hellip;]<\/p>\n","protected":false},"author":1,"featured_media":0,"parent":0,"menu_order":3,"comment_status":"closed","ping_status":"closed","template":"elementor_header_footer","meta":{"footnotes":""},"class_list":["post-2775","page","type-page","status-publish","hentry"],"yoast_head":"<!-- This site is optimized with the Yoast SEO plugin v25.0 - https:\/\/yoast.com\/wordpress\/plugins\/seo\/ -->\n<title>Mandelbaum Suite - Casalina B&amp;B, Insel Elba<\/title>\n<meta name=\"description\" content=\"Sie befindet sich in der oberen Etage. Die Pastellfarben, die M\u00f6bel sind in der toskanischen Tradition.\" \/>\n<meta name=\"robots\" content=\"index, follow, max-snippet:-1, max-image-preview:large, max-video-preview:-1\" \/>\n<link rel=\"canonical\" href=\"https:\/\/www.casalinaelba.com\/de\/mandelbaum-suite\/\" \/>\n<meta property=\"og:locale\" content=\"de_DE\" \/>\n<meta property=\"og:type\" content=\"article\" \/>\n<meta property=\"og:title\" content=\"Mandelbaum Suite - Casalina B&amp;B, Insel Elba\" \/>\n<meta property=\"og:description\" content=\"Sie befindet sich in der oberen Etage. Die Pastellfarben, die M\u00f6bel sind in der toskanischen Tradition.\" \/>\n<meta property=\"og:url\" content=\"https:\/\/www.casalinaelba.com\/de\/mandelbaum-suite\/\" \/>\n<meta property=\"og:site_name\" content=\"Casalina B&amp;B\" \/>\n<meta property=\"article:modified_time\" content=\"2024-05-23T14:59:48+00:00\" \/>\n<meta property=\"og:image\" content=\"https:\/\/www.casalinaelba.com\/wp-content\/uploads\/gallery_mandorlo_01.jpg\" \/>\n<meta name=\"twitter:card\" content=\"summary_large_image\" \/>\n<script type=\"application\/ld+json\" class=\"yoast-schema-graph\">{\"@context\":\"https:\/\/schema.org\",\"@graph\":[{\"@type\":\"WebPage\",\"@id\":\"https:\/\/www.casalinaelba.com\/de\/mandelbaum-suite\/\",\"url\":\"https:\/\/www.casalinaelba.com\/de\/mandelbaum-suite\/\",\"name\":\"Mandelbaum Suite - Casalina B&amp;B, Insel Elba\",\"isPartOf\":{\"@id\":\"https:\/\/www.casalinaelba.com\/de\/#website\"},\"primaryImageOfPage\":{\"@id\":\"https:\/\/www.casalinaelba.com\/de\/mandelbaum-suite\/#primaryimage\"},\"image\":{\"@id\":\"https:\/\/www.casalinaelba.com\/de\/mandelbaum-suite\/#primaryimage\"},\"thumbnailUrl\":\"https:\/\/www.casalinaelba.com\/wp-content\/uploads\/gallery_mandorlo_01.jpg\",\"datePublished\":\"2024-03-04T08:49:31+00:00\",\"dateModified\":\"2024-05-23T14:59:48+00:00\",\"description\":\"Sie befindet sich in der oberen Etage. Die Pastellfarben, die M\u00f6bel sind in der toskanischen Tradition.\",\"breadcrumb\":{\"@id\":\"https:\/\/www.casalinaelba.com\/de\/mandelbaum-suite\/#breadcrumb\"},\"inLanguage\":\"de\",\"potentialAction\":[{\"@type\":\"ReadAction\",\"target\":[\"https:\/\/www.casalinaelba.com\/de\/mandelbaum-suite\/\"]}]},{\"@type\":\"ImageObject\",\"inLanguage\":\"de\",\"@id\":\"https:\/\/www.casalinaelba.com\/de\/mandelbaum-suite\/#primaryimage\",\"url\":\"https:\/\/www.casalinaelba.com\/wp-content\/uploads\/gallery_mandorlo_01.jpg\",\"contentUrl\":\"https:\/\/www.casalinaelba.com\/wp-content\/uploads\/gallery_mandorlo_01.jpg\"},{\"@type\":\"BreadcrumbList\",\"@id\":\"https:\/\/www.casalinaelba.com\/de\/mandelbaum-suite\/#breadcrumb\",\"itemListElement\":[{\"@type\":\"ListItem\",\"position\":1,\"name\":\"Home\",\"item\":\"https:\/\/www.casalinaelba.com\/de\/\"},{\"@type\":\"ListItem\",\"position\":2,\"name\":\"Mandelbaum Suite\"}]},{\"@type\":\"WebSite\",\"@id\":\"https:\/\/www.casalinaelba.com\/de\/#website\",\"url\":\"https:\/\/www.casalinaelba.com\/de\/\",\"name\":\"B&B Casalina\",\"description\":\"Insel Elba\",\"publisher\":{\"@id\":\"https:\/\/www.casalinaelba.com\/de\/#organization\"},\"potentialAction\":[{\"@type\":\"SearchAction\",\"target\":{\"@type\":\"EntryPoint\",\"urlTemplate\":\"https:\/\/www.casalinaelba.com\/de\/?s={search_term_string}\"},\"query-input\":{\"@type\":\"PropertyValueSpecification\",\"valueRequired\":true,\"valueName\":\"search_term_string\"}}],\"inLanguage\":\"de\"},{\"@type\":\"Organization\",\"@id\":\"https:\/\/www.casalinaelba.com\/de\/#organization\",\"name\":\"B&B Casalina\",\"url\":\"https:\/\/www.casalinaelba.com\/de\/\",\"logo\":{\"@type\":\"ImageObject\",\"inLanguage\":\"de\",\"@id\":\"https:\/\/www.casalinaelba.com\/de\/#\/schema\/logo\/image\/\",\"url\":\"https:\/\/www.casalinaelba.com\/wp-content\/uploads\/casa_lina_elba.png\",\"contentUrl\":\"https:\/\/www.casalinaelba.com\/wp-content\/uploads\/casa_lina_elba.png\",\"width\":500,\"height\":319,\"caption\":\"B&B Casalina\"},\"image\":{\"@id\":\"https:\/\/www.casalinaelba.com\/de\/#\/schema\/logo\/image\/\"}}]}<\/script>\n<!-- \/ Yoast SEO plugin. -->","yoast_head_json":{"title":"Mandelbaum Suite - Casalina B&amp;B, Insel Elba","description":"Sie befindet sich in der oberen Etage. Die Pastellfarben, die M\u00f6bel sind in der toskanischen Tradition.","robots":{"index":"index","follow":"follow","max-snippet":"max-snippet:-1","max-image-preview":"max-image-preview:large","max-video-preview":"max-video-preview:-1"},"canonical":"https:\/\/www.casalinaelba.com\/de\/mandelbaum-suite\/","og_locale":"de_DE","og_type":"article","og_title":"Mandelbaum Suite - Casalina B&amp;B, Insel Elba","og_description":"Sie befindet sich in der oberen Etage. Die Pastellfarben, die M\u00f6bel sind in der toskanischen Tradition.","og_url":"https:\/\/www.casalinaelba.com\/de\/mandelbaum-suite\/","og_site_name":"Casalina B&amp;B","article_modified_time":"2024-05-23T14:59:48+00:00","og_image":[{"url":"https:\/\/www.casalinaelba.com\/wp-content\/uploads\/gallery_mandorlo_01.jpg","type":"","width":"","height":""}],"twitter_card":"summary_large_image","schema":{"@context":"https:\/\/schema.org","@graph":[{"@type":"WebPage","@id":"https:\/\/www.casalinaelba.com\/de\/mandelbaum-suite\/","url":"https:\/\/www.casalinaelba.com\/de\/mandelbaum-suite\/","name":"Mandelbaum Suite - Casalina B&amp;B, Insel Elba","isPartOf":{"@id":"https:\/\/www.casalinaelba.com\/de\/#website"},"primaryImageOfPage":{"@id":"https:\/\/www.casalinaelba.com\/de\/mandelbaum-suite\/#primaryimage"},"image":{"@id":"https:\/\/www.casalinaelba.com\/de\/mandelbaum-suite\/#primaryimage"},"thumbnailUrl":"https:\/\/www.casalinaelba.com\/wp-content\/uploads\/gallery_mandorlo_01.jpg","datePublished":"2024-03-04T08:49:31+00:00","dateModified":"2024-05-23T14:59:48+00:00","description":"Sie befindet sich in der oberen Etage. Die Pastellfarben, die M\u00f6bel sind in der toskanischen Tradition.","breadcrumb":{"@id":"https:\/\/www.casalinaelba.com\/de\/mandelbaum-suite\/#breadcrumb"},"inLanguage":"de","potentialAction":[{"@type":"ReadAction","target":["https:\/\/www.casalinaelba.com\/de\/mandelbaum-suite\/"]}]},{"@type":"ImageObject","inLanguage":"de","@id":"https:\/\/www.casalinaelba.com\/de\/mandelbaum-suite\/#primaryimage","url":"https:\/\/www.casalinaelba.com\/wp-content\/uploads\/gallery_mandorlo_01.jpg","contentUrl":"https:\/\/www.casalinaelba.com\/wp-content\/uploads\/gallery_mandorlo_01.jpg"},{"@type":"BreadcrumbList","@id":"https:\/\/www.casalinaelba.com\/de\/mandelbaum-suite\/#breadcrumb","itemListElement":[{"@type":"ListItem","position":1,"name":"Home","item":"https:\/\/www.casalinaelba.com\/de\/"},{"@type":"ListItem","position":2,"name":"Mandelbaum Suite"}]},{"@type":"WebSite","@id":"https:\/\/www.casalinaelba.com\/de\/#website","url":"https:\/\/www.casalinaelba.com\/de\/","name":"B&B Casalina","description":"Insel Elba","publisher":{"@id":"https:\/\/www.casalinaelba.com\/de\/#organization"},"potentialAction":[{"@type":"SearchAction","target":{"@type":"EntryPoint","urlTemplate":"https:\/\/www.casalinaelba.com\/de\/?s={search_term_string}"},"query-input":{"@type":"PropertyValueSpecification","valueRequired":true,"valueName":"search_term_string"}}],"inLanguage":"de"},{"@type":"Organization","@id":"https:\/\/www.casalinaelba.com\/de\/#organization","name":"B&B Casalina","url":"https:\/\/www.casalinaelba.com\/de\/","logo":{"@type":"ImageObject","inLanguage":"de","@id":"https:\/\/www.casalinaelba.com\/de\/#\/schema\/logo\/image\/","url":"https:\/\/www.casalinaelba.com\/wp-content\/uploads\/casa_lina_elba.png","contentUrl":"https:\/\/www.casalinaelba.com\/wp-content\/uploads\/casa_lina_elba.png","width":500,"height":319,"caption":"B&B Casalina"},"image":{"@id":"https:\/\/www.casalinaelba.com\/de\/#\/schema\/logo\/image\/"}}]}},"_links":{"self":[{"href":"https:\/\/www.casalinaelba.com\/de\/wp-json\/wp\/v2\/pages\/2775","targetHints":{"allow":["GET"]}}],"collection":[{"href":"https:\/\/www.casalinaelba.com\/de\/wp-json\/wp\/v2\/pages"}],"about":[{"href":"https:\/\/www.casalinaelba.com\/de\/wp-json\/wp\/v2\/types\/page"}],"author":[{"embeddable":true,"href":"https:\/\/www.casalinaelba.com\/de\/wp-json\/wp\/v2\/users\/1"}],"replies":[{"embeddable":true,"href":"https:\/\/www.casalinaelba.com\/de\/wp-json\/wp\/v2\/comments?post=2775"}],"version-history":[{"count":4,"href":"https:\/\/www.casalinaelba.com\/de\/wp-json\/wp\/v2\/pages\/2775\/revisions"}],"predecessor-version":[{"id":2780,"href":"https:\/\/www.casalinaelba.com\/de\/wp-json\/wp\/v2\/pages\/2775\/revisions\/2780"}],"wp:attachment":[{"href":"https:\/\/www.casalinaelba.com\/de\/wp-json\/wp\/v2\/media?parent=2775"}],"curies":[{"name":"wp","href":"https:\/\/api.w.org\/{rel}","templated":true}]}}