{"id":2789,"date":"2024-03-04T09:52:24","date_gmt":"2024-03-04T08:52:24","guid":{"rendered":"https:\/\/www.casalinaelba.com\/colazione\/"},"modified":"2024-05-23T17:12:54","modified_gmt":"2024-05-23T15:12:54","slug":"fruehstueck","status":"publish","type":"page","link":"https:\/\/www.casalinaelba.com\/de\/fruehstueck\/","title":{"rendered":"Fr\u00fchst\u00fcck"},"content":{"rendered":"\t\t<div data-elementor-type=\"wp-page\" data-elementor-id=\"2789\" class=\"elementor elementor-2789 elementor-1611\">\n\t\t\t\t<div class=\"elementor-element elementor-element-79cd4c2 e-flex e-con-boxed e-con e-parent\" data-id=\"79cd4c2\" data-element_type=\"container\" data-settings=\"{&quot;background_background&quot;:&quot;classic&quot;}\">\n\t\t\t\t\t<div class=\"e-con-inner\">\n\t\t\t\t<div class=\"elementor-element elementor-element-10471fa elementor-widget elementor-widget-spacer\" data-id=\"10471fa\" data-element_type=\"widget\" data-widget_type=\"spacer.default\">\n\t\t\t\t<div class=\"elementor-widget-container\">\n\t\t\t\t\t\t\t<div class=\"elementor-spacer\">\n\t\t\t<div class=\"elementor-spacer-inner\"><\/div>\n\t\t<\/div>\n\t\t\t\t\t\t<\/div>\n\t\t\t\t<\/div>\n\t\t\t\t\t<\/div>\n\t\t\t\t<\/div>\n\t\t<div class=\"elementor-element elementor-element-7122c43c e-flex e-con-boxed e-con e-parent\" data-id=\"7122c43c\" data-element_type=\"container\">\n\t\t\t\t\t<div class=\"e-con-inner\">\n\t\t\t\t<div class=\"elementor-element elementor-element-4e26b1a1 section-title__tagline elementor-widget elementor-widget-heading\" data-id=\"4e26b1a1\" data-element_type=\"widget\" data-widget_type=\"heading.default\">\n\t\t\t\t<div class=\"elementor-widget-container\">\n\t\t\t\t\t<span class=\"elementor-heading-title elementor-size-default\">Bed & Breakfast<\/span>\t\t\t\t<\/div>\n\t\t\t\t<\/div>\n\t\t\t\t<div class=\"elementor-element elementor-element-2383d267 section-title__title elementor-widget elementor-widget-heading\" data-id=\"2383d267\" data-element_type=\"widget\" data-widget_type=\"heading.default\">\n\t\t\t\t<div class=\"elementor-widget-container\">\n\t\t\t\t\t<h2 class=\"elementor-heading-title elementor-size-default\">Fr\u00fchst\u00fcck<\/h2>\t\t\t\t<\/div>\n\t\t\t\t<\/div>\n\t\t\t\t<div class=\"elementor-element elementor-element-284652c0 elementor-widget elementor-widget-text-editor\" data-id=\"284652c0\" data-element_type=\"widget\" data-widget_type=\"text-editor.default\">\n\t\t\t\t<div class=\"elementor-widget-container\">\n\t\t\t\t\t\t\t\t\t<p class=\"mb-4\">Sie k\u00f6nnen das Fr\u00fchst\u00fcck auf der Panoramaterrasse oder im Cottage bekommen. Das ist die beste Art, den Tag zu beginnen.<\/p><p class=\"mb-4\">Lassen Sie sich \u00fcberraschen von hausgemachten Kuchen (auch in glutenfreier Version) und den Produkten, die in unserem Gebiet und auf unseren Feldern angebaut werden.<\/p><p class=\"mb-0\">Wir begleiten Sie auf eine Entdeckungsreise durch unsere kulinarischen Traditionen und unserer Geschichte, eine Reise in die Geschmackswelt Elbas.<\/p>\t\t\t\t\t\t\t\t<\/div>\n\t\t\t\t<\/div>\n\t\t\t\t\t<\/div>\n\t\t\t\t<\/div>\n\t\t<div class=\"elementor-element elementor-element-8cc55a0 e-con-full e-flex e-con e-parent\" data-id=\"8cc55a0\" data-element_type=\"container\" data-settings=\"{&quot;background_background&quot;:&quot;classic&quot;}\">\n\t\t<div class=\"elementor-element elementor-element-67051f1 e-con-full e-flex e-con e-child\" data-id=\"67051f1\" data-element_type=\"container\">\n\t\t\t\t<div class=\"elementor-element elementor-element-eb60940 elementor-widget elementor-widget-delogis-gallery\" data-id=\"eb60940\" data-element_type=\"widget\" data-widget_type=\"delogis-gallery.default\">\n\t\t\t\t<div class=\"elementor-widget-container\">\n\t\t\t\t\t    <!--Gallery Page Start-->\r\n    <section class=\"gallery-page\">\r\n        <div class=\"container\">\r\n            <div class=\"row masonary-layout\">\r\n                                    <!--Gallery Page Single Start-->\r\n                    <div class=\"col-xl-4 col-lg-6 col-md-6\">\r\n                        <div class=\"gallery-page__single\">\r\n                            <div class=\"gallery-page__img\">\r\n                                <img decoding=\"async\" src=\"https:\/\/www.casalinaelba.com\/wp-content\/uploads\/gallery_colazione_01.jpg\" alt=\"Colazione\" title=\"Colazione\" >                                <div class=\"gallery-page__icon\">\r\n                                    <a class=\"img-popup\" href=\"https:\/\/www.casalinaelba.com\/wp-content\/uploads\/gallery_colazione_01.jpg\">\r\n                                        <span aria-hidden=\"true\" class=\"  icon-plus\"><\/span>                                    <\/a>\r\n                                <\/div>\r\n                            <\/div>\r\n                        <\/div>\r\n                    <\/div>\r\n                    <!--Gallery Page Single End-->\r\n                                    <!--Gallery Page Single Start-->\r\n                    <div class=\"col-xl-4 col-lg-6 col-md-6\">\r\n                        <div class=\"gallery-page__single\">\r\n                            <div class=\"gallery-page__img\">\r\n                                <img decoding=\"async\" src=\"https:\/\/www.casalinaelba.com\/wp-content\/uploads\/gallery_colazione_02.jpg\" alt=\"Colazione\" title=\"Colazione\" >                                <div class=\"gallery-page__icon\">\r\n                                    <a class=\"img-popup\" href=\"https:\/\/www.casalinaelba.com\/wp-content\/uploads\/gallery_colazione_02.jpg\">\r\n                                        <span aria-hidden=\"true\" class=\"  icon-plus\"><\/span>                                    <\/a>\r\n                                <\/div>\r\n                            <\/div>\r\n                        <\/div>\r\n                    <\/div>\r\n                    <!--Gallery Page Single End-->\r\n                                    <!--Gallery Page Single Start-->\r\n                    <div class=\"col-xl-4 col-lg-6 col-md-6\">\r\n                        <div class=\"gallery-page__single\">\r\n                            <div class=\"gallery-page__img\">\r\n                                <img decoding=\"async\" src=\"https:\/\/www.casalinaelba.com\/wp-content\/uploads\/gallery_colazione_03.jpg\" alt=\"Colazione\" title=\"Colazione\" >                                <div class=\"gallery-page__icon\">\r\n                                    <a class=\"img-popup\" href=\"https:\/\/www.casalinaelba.com\/wp-content\/uploads\/gallery_colazione_03.jpg\">\r\n                                        <span aria-hidden=\"true\" class=\"  icon-plus\"><\/span>                                    <\/a>\r\n                                <\/div>\r\n                            <\/div>\r\n                        <\/div>\r\n                    <\/div>\r\n                    <!--Gallery Page Single End-->\r\n                                    <!--Gallery Page Single Start-->\r\n                    <div class=\"col-xl-4 col-lg-6 col-md-6\">\r\n                        <div class=\"gallery-page__single\">\r\n                            <div class=\"gallery-page__img\">\r\n                                <img decoding=\"async\" src=\"https:\/\/www.casalinaelba.com\/wp-content\/uploads\/gallery_colazione_04.jpg\" alt=\"Colazione\" title=\"Colazione\" >                                <div class=\"gallery-page__icon\">\r\n                                    <a class=\"img-popup\" href=\"https:\/\/www.casalinaelba.com\/wp-content\/uploads\/gallery_colazione_04.jpg\">\r\n                                        <span aria-hidden=\"true\" class=\"  icon-plus\"><\/span>                                    <\/a>\r\n                                <\/div>\r\n                            <\/div>\r\n                        <\/div>\r\n                    <\/div>\r\n                    <!--Gallery Page Single End-->\r\n                                    <!--Gallery Page Single Start-->\r\n                    <div class=\"col-xl-4 col-lg-6 col-md-6\">\r\n                        <div class=\"gallery-page__single\">\r\n                            <div class=\"gallery-page__img\">\r\n                                <img decoding=\"async\" src=\"https:\/\/www.casalinaelba.com\/wp-content\/uploads\/gallery_colazione_05.jpg\" alt=\"Colazione\" title=\"Colazione\" >                                <div class=\"gallery-page__icon\">\r\n                                    <a class=\"img-popup\" href=\"https:\/\/www.casalinaelba.com\/wp-content\/uploads\/gallery_colazione_05.jpg\">\r\n                                        <span aria-hidden=\"true\" class=\"  icon-plus\"><\/span>                                    <\/a>\r\n                                <\/div>\r\n                            <\/div>\r\n                        <\/div>\r\n                    <\/div>\r\n                    <!--Gallery Page Single End-->\r\n                                    <!--Gallery Page Single Start-->\r\n                    <div class=\"col-xl-4 col-lg-6 col-md-6\">\r\n                        <div class=\"gallery-page__single\">\r\n                            <div class=\"gallery-page__img\">\r\n                                <img decoding=\"async\" src=\"https:\/\/www.casalinaelba.com\/wp-content\/uploads\/gallery_colazione_06.jpg\" alt=\"Colazione\" title=\"Colazione\" >                                <div class=\"gallery-page__icon\">\r\n                                    <a class=\"img-popup\" href=\"https:\/\/www.casalinaelba.com\/wp-content\/uploads\/gallery_colazione_06.jpg\">\r\n                                        <span aria-hidden=\"true\" class=\"  icon-plus\"><\/span>                                    <\/a>\r\n                                <\/div>\r\n                            <\/div>\r\n                        <\/div>\r\n                    <\/div>\r\n                    <!--Gallery Page Single End-->\r\n                                    <!--Gallery Page Single Start-->\r\n                    <div class=\"col-xl-4 col-lg-6 col-md-6\">\r\n                        <div class=\"gallery-page__single\">\r\n                            <div class=\"gallery-page__img\">\r\n                                <img decoding=\"async\" src=\"https:\/\/www.casalinaelba.com\/wp-content\/uploads\/gallery_colazione_07.jpg\" alt=\"Colazione\" title=\"Colazione\" >                                <div class=\"gallery-page__icon\">\r\n                                    <a class=\"img-popup\" href=\"https:\/\/www.casalinaelba.com\/wp-content\/uploads\/gallery_colazione_07.jpg\">\r\n                                        <span aria-hidden=\"true\" class=\"  icon-plus\"><\/span>                                    <\/a>\r\n                                <\/div>\r\n                            <\/div>\r\n                        <\/div>\r\n                    <\/div>\r\n                    <!--Gallery Page Single End-->\r\n                                    <!--Gallery Page Single Start-->\r\n                    <div class=\"col-xl-4 col-lg-6 col-md-6\">\r\n                        <div class=\"gallery-page__single\">\r\n                            <div class=\"gallery-page__img\">\r\n                                <img decoding=\"async\" src=\"https:\/\/www.casalinaelba.com\/wp-content\/uploads\/gallery_colazione_08.jpg\" alt=\"Colazione\" title=\"Colazione\" >                                <div class=\"gallery-page__icon\">\r\n                                    <a class=\"img-popup\" href=\"https:\/\/www.casalinaelba.com\/wp-content\/uploads\/gallery_colazione_08.jpg\">\r\n                                        <span aria-hidden=\"true\" class=\"  icon-plus\"><\/span>                                    <\/a>\r\n                                <\/div>\r\n                            <\/div>\r\n                        <\/div>\r\n                    <\/div>\r\n                    <!--Gallery Page Single End-->\r\n                                    <!--Gallery Page Single Start-->\r\n                    <div class=\"col-xl-4 col-lg-6 col-md-6\">\r\n                        <div class=\"gallery-page__single\">\r\n                            <div class=\"gallery-page__img\">\r\n                                <img decoding=\"async\" src=\"https:\/\/www.casalinaelba.com\/wp-content\/uploads\/gallery_colazione_09.jpg\" alt=\"Colazione\" title=\"Colazione\" >                                <div class=\"gallery-page__icon\">\r\n                                    <a class=\"img-popup\" href=\"https:\/\/www.casalinaelba.com\/wp-content\/uploads\/gallery_colazione_09.jpg\">\r\n                                        <span aria-hidden=\"true\" class=\"  icon-plus\"><\/span>                                    <\/a>\r\n                                <\/div>\r\n                            <\/div>\r\n                        <\/div>\r\n                    <\/div>\r\n                    <!--Gallery Page Single End-->\r\n                            <\/div>\r\n        <\/div>\r\n    <\/section>\r\n    <!--Gallery Page End-->\r\n\t\t\t\t<\/div>\n\t\t\t\t<\/div>\n\t\t\t\t<\/div>\n\t\t\t\t<\/div>\n\t\t\t\t<\/div>\n\t\t","protected":false},"excerpt":{"rendered":"<p>Bed &#038; Breakfast Fr\u00fchst\u00fcck Sie k\u00f6nnen das Fr\u00fchst\u00fcck auf der Panoramaterrasse oder im Cottage bekommen. Das ist die beste Art, den Tag zu beginnen. Lassen Sie sich \u00fcberraschen von hausgemachten Kuchen (auch in glutenfreier Version) und den Produkten, die in unserem Gebiet und auf unseren Feldern angebaut werden. Wir begleiten Sie auf eine Entdeckungsreise durch [&hellip;]<\/p>\n","protected":false},"author":1,"featured_media":0,"parent":0,"menu_order":4,"comment_status":"closed","ping_status":"closed","template":"elementor_header_footer","meta":{"footnotes":""},"class_list":["post-2789","page","type-page","status-publish","hentry"],"yoast_head":"<!-- This site is optimized with the Yoast SEO plugin v25.0 - https:\/\/yoast.com\/wordpress\/plugins\/seo\/ -->\n<title>Fr\u00fchst\u00fcck - Casalina B&amp;B, Insel Elba<\/title>\n<meta name=\"description\" content=\"Lassen Sie sich \u00fcberraschen von hausgemachten Kuchen und den Produkten, die in unserem Gebiet und auf unseren Feldern angebaut werden.\" \/>\n<meta name=\"robots\" content=\"index, follow, max-snippet:-1, max-image-preview:large, max-video-preview:-1\" \/>\n<link rel=\"canonical\" href=\"https:\/\/www.casalinaelba.com\/de\/fruehstueck\/\" \/>\n<meta property=\"og:locale\" content=\"de_DE\" \/>\n<meta property=\"og:type\" content=\"article\" \/>\n<meta property=\"og:title\" content=\"Fr\u00fchst\u00fcck - Casalina B&amp;B, Insel Elba\" \/>\n<meta property=\"og:description\" content=\"Lassen Sie sich \u00fcberraschen von hausgemachten Kuchen und den Produkten, die in unserem Gebiet und auf unseren Feldern angebaut werden.\" \/>\n<meta property=\"og:url\" content=\"https:\/\/www.casalinaelba.com\/de\/fruehstueck\/\" \/>\n<meta property=\"og:site_name\" content=\"Casalina B&amp;B\" \/>\n<meta property=\"article:modified_time\" content=\"2024-05-23T15:12:54+00:00\" \/>\n<meta property=\"og:image\" content=\"https:\/\/www.casalinaelba.com\/wp-content\/uploads\/gallery_colazione_01.jpg\" \/>\n<meta name=\"twitter:card\" content=\"summary_large_image\" \/>\n<script type=\"application\/ld+json\" class=\"yoast-schema-graph\">{\"@context\":\"https:\/\/schema.org\",\"@graph\":[{\"@type\":\"WebPage\",\"@id\":\"https:\/\/www.casalinaelba.com\/de\/fruehstueck\/\",\"url\":\"https:\/\/www.casalinaelba.com\/de\/fruehstueck\/\",\"name\":\"Fr\u00fchst\u00fcck - Casalina B&amp;B, Insel Elba\",\"isPartOf\":{\"@id\":\"https:\/\/www.casalinaelba.com\/de\/#website\"},\"primaryImageOfPage\":{\"@id\":\"https:\/\/www.casalinaelba.com\/de\/fruehstueck\/#primaryimage\"},\"image\":{\"@id\":\"https:\/\/www.casalinaelba.com\/de\/fruehstueck\/#primaryimage\"},\"thumbnailUrl\":\"https:\/\/www.casalinaelba.com\/wp-content\/uploads\/gallery_colazione_01.jpg\",\"datePublished\":\"2024-03-04T08:52:24+00:00\",\"dateModified\":\"2024-05-23T15:12:54+00:00\",\"description\":\"Lassen Sie sich \u00fcberraschen von hausgemachten Kuchen und den Produkten, die in unserem Gebiet und auf unseren Feldern angebaut werden.\",\"breadcrumb\":{\"@id\":\"https:\/\/www.casalinaelba.com\/de\/fruehstueck\/#breadcrumb\"},\"inLanguage\":\"de\",\"potentialAction\":[{\"@type\":\"ReadAction\",\"target\":[\"https:\/\/www.casalinaelba.com\/de\/fruehstueck\/\"]}]},{\"@type\":\"ImageObject\",\"inLanguage\":\"de\",\"@id\":\"https:\/\/www.casalinaelba.com\/de\/fruehstueck\/#primaryimage\",\"url\":\"https:\/\/www.casalinaelba.com\/wp-content\/uploads\/gallery_colazione_01.jpg\",\"contentUrl\":\"https:\/\/www.casalinaelba.com\/wp-content\/uploads\/gallery_colazione_01.jpg\"},{\"@type\":\"BreadcrumbList\",\"@id\":\"https:\/\/www.casalinaelba.com\/de\/fruehstueck\/#breadcrumb\",\"itemListElement\":[{\"@type\":\"ListItem\",\"position\":1,\"name\":\"Home\",\"item\":\"https:\/\/www.casalinaelba.com\/de\/\"},{\"@type\":\"ListItem\",\"position\":2,\"name\":\"Fr\u00fchst\u00fcck\"}]},{\"@type\":\"WebSite\",\"@id\":\"https:\/\/www.casalinaelba.com\/de\/#website\",\"url\":\"https:\/\/www.casalinaelba.com\/de\/\",\"name\":\"B&B Casalina\",\"description\":\"Insel Elba\",\"publisher\":{\"@id\":\"https:\/\/www.casalinaelba.com\/de\/#organization\"},\"potentialAction\":[{\"@type\":\"SearchAction\",\"target\":{\"@type\":\"EntryPoint\",\"urlTemplate\":\"https:\/\/www.casalinaelba.com\/de\/?s={search_term_string}\"},\"query-input\":{\"@type\":\"PropertyValueSpecification\",\"valueRequired\":true,\"valueName\":\"search_term_string\"}}],\"inLanguage\":\"de\"},{\"@type\":\"Organization\",\"@id\":\"https:\/\/www.casalinaelba.com\/de\/#organization\",\"name\":\"B&B Casalina\",\"url\":\"https:\/\/www.casalinaelba.com\/de\/\",\"logo\":{\"@type\":\"ImageObject\",\"inLanguage\":\"de\",\"@id\":\"https:\/\/www.casalinaelba.com\/de\/#\/schema\/logo\/image\/\",\"url\":\"https:\/\/www.casalinaelba.com\/wp-content\/uploads\/casa_lina_elba.png\",\"contentUrl\":\"https:\/\/www.casalinaelba.com\/wp-content\/uploads\/casa_lina_elba.png\",\"width\":500,\"height\":319,\"caption\":\"B&B Casalina\"},\"image\":{\"@id\":\"https:\/\/www.casalinaelba.com\/de\/#\/schema\/logo\/image\/\"}}]}<\/script>\n<!-- \/ Yoast SEO plugin. -->","yoast_head_json":{"title":"Fr\u00fchst\u00fcck - Casalina B&amp;B, Insel Elba","description":"Lassen Sie sich \u00fcberraschen von hausgemachten Kuchen und den Produkten, die in unserem Gebiet und auf unseren Feldern angebaut werden.","robots":{"index":"index","follow":"follow","max-snippet":"max-snippet:-1","max-image-preview":"max-image-preview:large","max-video-preview":"max-video-preview:-1"},"canonical":"https:\/\/www.casalinaelba.com\/de\/fruehstueck\/","og_locale":"de_DE","og_type":"article","og_title":"Fr\u00fchst\u00fcck - Casalina B&amp;B, Insel Elba","og_description":"Lassen Sie sich \u00fcberraschen von hausgemachten Kuchen und den Produkten, die in unserem Gebiet und auf unseren Feldern angebaut werden.","og_url":"https:\/\/www.casalinaelba.com\/de\/fruehstueck\/","og_site_name":"Casalina B&amp;B","article_modified_time":"2024-05-23T15:12:54+00:00","og_image":[{"url":"https:\/\/www.casalinaelba.com\/wp-content\/uploads\/gallery_colazione_01.jpg","type":"","width":"","height":""}],"twitter_card":"summary_large_image","schema":{"@context":"https:\/\/schema.org","@graph":[{"@type":"WebPage","@id":"https:\/\/www.casalinaelba.com\/de\/fruehstueck\/","url":"https:\/\/www.casalinaelba.com\/de\/fruehstueck\/","name":"Fr\u00fchst\u00fcck - Casalina B&amp;B, Insel Elba","isPartOf":{"@id":"https:\/\/www.casalinaelba.com\/de\/#website"},"primaryImageOfPage":{"@id":"https:\/\/www.casalinaelba.com\/de\/fruehstueck\/#primaryimage"},"image":{"@id":"https:\/\/www.casalinaelba.com\/de\/fruehstueck\/#primaryimage"},"thumbnailUrl":"https:\/\/www.casalinaelba.com\/wp-content\/uploads\/gallery_colazione_01.jpg","datePublished":"2024-03-04T08:52:24+00:00","dateModified":"2024-05-23T15:12:54+00:00","description":"Lassen Sie sich \u00fcberraschen von hausgemachten Kuchen und den Produkten, die in unserem Gebiet und auf unseren Feldern angebaut werden.","breadcrumb":{"@id":"https:\/\/www.casalinaelba.com\/de\/fruehstueck\/#breadcrumb"},"inLanguage":"de","potentialAction":[{"@type":"ReadAction","target":["https:\/\/www.casalinaelba.com\/de\/fruehstueck\/"]}]},{"@type":"ImageObject","inLanguage":"de","@id":"https:\/\/www.casalinaelba.com\/de\/fruehstueck\/#primaryimage","url":"https:\/\/www.casalinaelba.com\/wp-content\/uploads\/gallery_colazione_01.jpg","contentUrl":"https:\/\/www.casalinaelba.com\/wp-content\/uploads\/gallery_colazione_01.jpg"},{"@type":"BreadcrumbList","@id":"https:\/\/www.casalinaelba.com\/de\/fruehstueck\/#breadcrumb","itemListElement":[{"@type":"ListItem","position":1,"name":"Home","item":"https:\/\/www.casalinaelba.com\/de\/"},{"@type":"ListItem","position":2,"name":"Fr\u00fchst\u00fcck"}]},{"@type":"WebSite","@id":"https:\/\/www.casalinaelba.com\/de\/#website","url":"https:\/\/www.casalinaelba.com\/de\/","name":"B&B Casalina","description":"Insel Elba","publisher":{"@id":"https:\/\/www.casalinaelba.com\/de\/#organization"},"potentialAction":[{"@type":"SearchAction","target":{"@type":"EntryPoint","urlTemplate":"https:\/\/www.casalinaelba.com\/de\/?s={search_term_string}"},"query-input":{"@type":"PropertyValueSpecification","valueRequired":true,"valueName":"search_term_string"}}],"inLanguage":"de"},{"@type":"Organization","@id":"https:\/\/www.casalinaelba.com\/de\/#organization","name":"B&B Casalina","url":"https:\/\/www.casalinaelba.com\/de\/","logo":{"@type":"ImageObject","inLanguage":"de","@id":"https:\/\/www.casalinaelba.com\/de\/#\/schema\/logo\/image\/","url":"https:\/\/www.casalinaelba.com\/wp-content\/uploads\/casa_lina_elba.png","contentUrl":"https:\/\/www.casalinaelba.com\/wp-content\/uploads\/casa_lina_elba.png","width":500,"height":319,"caption":"B&B Casalina"},"image":{"@id":"https:\/\/www.casalinaelba.com\/de\/#\/schema\/logo\/image\/"}}]}},"_links":{"self":[{"href":"https:\/\/www.casalinaelba.com\/de\/wp-json\/wp\/v2\/pages\/2789","targetHints":{"allow":["GET"]}}],"collection":[{"href":"https:\/\/www.casalinaelba.com\/de\/wp-json\/wp\/v2\/pages"}],"about":[{"href":"https:\/\/www.casalinaelba.com\/de\/wp-json\/wp\/v2\/types\/page"}],"author":[{"embeddable":true,"href":"https:\/\/www.casalinaelba.com\/de\/wp-json\/wp\/v2\/users\/1"}],"replies":[{"embeddable":true,"href":"https:\/\/www.casalinaelba.com\/de\/wp-json\/wp\/v2\/comments?post=2789"}],"version-history":[{"count":7,"href":"https:\/\/www.casalinaelba.com\/de\/wp-json\/wp\/v2\/pages\/2789\/revisions"}],"predecessor-version":[{"id":2797,"href":"https:\/\/www.casalinaelba.com\/de\/wp-json\/wp\/v2\/pages\/2789\/revisions\/2797"}],"wp:attachment":[{"href":"https:\/\/www.casalinaelba.com\/de\/wp-json\/wp\/v2\/media?parent=2789"}],"curies":[{"name":"wp","href":"https:\/\/api.w.org\/{rel}","templated":true}]}}