{"id":2806,"date":"2024-03-04T10:38:14","date_gmt":"2024-03-04T09:38:14","guid":{"rendered":"https:\/\/www.casalinaelba.com\/dove-siamo\/"},"modified":"2024-05-23T17:39:25","modified_gmt":"2024-05-23T15:39:25","slug":"wo-wir-sind","status":"publish","type":"page","link":"https:\/\/www.casalinaelba.com\/de\/wo-wir-sind\/","title":{"rendered":"Wo Wir Sind"},"content":{"rendered":"\t\t<div data-elementor-type=\"wp-page\" data-elementor-id=\"2806\" class=\"elementor elementor-2806 elementor-33\">\n\t\t\t\t<div class=\"elementor-element elementor-element-1cf257b8 e-con-full e-flex e-con e-parent\" data-id=\"1cf257b8\" data-element_type=\"container\">\n\t\t\t\t<div class=\"elementor-element elementor-element-8536f5b elementor-widget elementor-widget-shortcode\" data-id=\"8536f5b\" data-element_type=\"widget\" data-widget_type=\"shortcode.default\">\n\t\t\t\t<div class=\"elementor-widget-container\">\n\t\t\t\t\t\t\t<div class=\"elementor-shortcode\"><style>.gm-style-iw { line-height: inherit !important;}<\/style><div class=\"wpgmp_map_container wpgmp-map-1\" rel=\"map1\" data-plugin-version=\"4.7.3\"><div class=\"wpgmp_map_parent\"><div class=\"wpgmp_map \" style=\"width:100%; height:450px;\" id=\"map1\" data-map-id=\"1\"><\/div><\/div><\/div><script id=\"script-map-data-1\">jQuery(document).ready(function($){ window.wpgmp = window.wpgmp || {}; window.wpgmp.mapdata1 = \"eyJtYXBfb3B0aW9ucyI6eyJjZW50ZXJfbGF0IjoiNDIuODAwODU5ODQyNzc2Mjc2IiwiY2VudGVyX2xuZyI6IjEwLjI3MDU0NDEzMjMzMTE3MyIsInpvb20iOjExLCJtYXBfdHlwZV9pZCI6IlJPQURNQVAiLCJmaXRfYm91bmRzIjpmYWxzZSwiZHJhZ2dhYmxlIjp0cnVlLCJzY3JvbGxfd2hlZWwiOmZhbHNlLCJkaXNwbGF5XzQ1X2ltYWdlcnkiOiIiLCJtYXJrZXJfZGVmYXVsdF9pY29uIjoiaHR0cHM6XC9cL3d3dy5jYXNhbGluYWVsYmEuY29tXC93cC1jb250ZW50XC9wbHVnaW5zXC93cC1nb29nbGUtbWFwLXBsdWdpblwvYXNzZXRzXC9pbWFnZXNcL1wvZGVmYXVsdF9tYXJrZXIucG5nIiwiaW5mb3dpbmRvd19zZXR0aW5nIjoiPGRpdj57bWFya2VyX3RpdGxlfTxcL2Rpdj48ZGl2PnttYXJrZXJfYWRkcmVzc308XC9kaXY+IiwiaW5mb3dpbmRvd19ib3VuY2VfYW5pbWF0aW9uIjoiIiwiaW5mb3dpbmRvd19kcm9wX2FuaW1hdGlvbiI6ZmFsc2UsImNsb3NlX2luZm93aW5kb3dfb25fbWFwX2NsaWNrIjpmYWxzZSwiaW5mb3dpbmRvd19za2luIjp7Im5hbWUiOiJiYXNpYyIsInR5cGUiOiJpbmZvd2luZG93Iiwic291cmNlY29kZSI6IjxkaXY+e21hcmtlcl90aXRsZX08XC9kaXY+PGRpdj57bWFya2VyX2FkZHJlc3N9PFwvZGl2PiJ9LCJkZWZhdWx0X2luZm93aW5kb3dfb3BlbiI6ZmFsc2UsImluZm93aW5kb3dfb3Blbl9ldmVudCI6ImNsaWNrIiwiZnVsbF9zY3JlZW5fY29udHJvbCI6ZmFsc2UsImNhbWVyYV9jb250cm9sIjpmYWxzZSwic2VhcmNoX2NvbnRyb2wiOnRydWUsInpvb21fY29udHJvbCI6dHJ1ZSwibWFwX3R5cGVfY29udHJvbCI6ZmFsc2UsInN0cmVldF92aWV3X2NvbnRyb2wiOmZhbHNlLCJmdWxsX3NjcmVlbl9jb250cm9sX3Bvc2l0aW9uIjoiTEVGVF9CT1RUT00iLCJjYW1lcmFfY29udHJvbF9wb3NpdGlvbiI6IlRPUF9SSUdIVCIsInNlYXJjaF9jb250cm9sX3Bvc2l0aW9uIjoiUklHSFRfQk9UVE9NIiwiem9vbV9jb250cm9sX3Bvc2l0aW9uIjoiTEVGVF9CT1RUT00iLCJtYXBfdHlwZV9jb250cm9sX3Bvc2l0aW9uIjoiTEVGVF9CT1RUT00iLCJtYXBfdHlwZV9jb250cm9sX3N0eWxlIjoiSE9SSVpPTlRBTF9CQVIiLCJzdHJlZXRfdmlld19jb250cm9sX3Bvc2l0aW9uIjoiQk9UVE9NX1JJR0hUIiwibWFwX2NvbnRyb2wiOnRydWUsIm1hcF9jb250cm9sX3NldHRpbmdzIjpmYWxzZSwibWFwX3pvb21fYWZ0ZXJfc2VhcmNoIjo2LCJ3aWR0aCI6IiIsImhlaWdodCI6IjQ1MCJ9LCJwbGFjZXMiOlt7ImlkIjoiMSIsInRpdGxlIjoiQiZCIENhc2FsaW5hIiwiYWRkcmVzcyI6IkxvYy4gU2NoaW9wcGFyZWxsbywgUG9ydG9mZXJyYWlvIChMSSkiLCJzb3VyY2UiOiJtYW51YWwiLCJjb250ZW50IjoiQiZCIENhc2FsaW5hIiwibG9jYXRpb24iOnsiaWNvbiI6Imh0dHBzOlwvXC93d3cuY2FzYWxpbmFlbGJhLmNvbVwvd3AtY29udGVudFwvcGx1Z2luc1wvd3AtZ29vZ2xlLW1hcC1wbHVnaW5cL2Fzc2V0c1wvaW1hZ2VzXC9cL2RlZmF1bHRfbWFya2VyLnBuZyIsImxhdCI6IjQyLjc4OTgzODc0NDUyMzgwNiIsImxuZyI6IjEwLjMzMzgyMDkyMDAyNDA0NCIsImNpdHkiOiJQb3J0b2ZlcnJhaW8iLCJzdGF0ZSI6IiIsImNvdW50cnkiOiIiLCJvbmNsaWNrX2FjdGlvbiI6Im1hcmtlciIsInJlZGlyZWN0X2N1c3RvbV9saW5rIjoiIiwibWFya2VyX2ltYWdlIjoiIiwib3Blbl9uZXdfdGFiIjoieWVzIiwicG9zdGFsX2NvZGUiOiI1NzAzNyIsImRyYWdnYWJsZSI6ZmFsc2UsImluZm93aW5kb3dfZGVmYXVsdF9vcGVuIjpmYWxzZSwiYW5pbWF0aW9uIjoiQk9VTkNFIiwiaW5mb3dpbmRvd19kaXNhYmxlIjp0cnVlLCJ6b29tIjo1LCJleHRyYV9maWVsZHMiOiIifSwiY2F0ZWdvcmllcyI6W3siaWQiOiIiLCJuYW1lIjoiIiwidHlwZSI6ImNhdGVnb3J5IiwiZXh0ZW5zaW9uX2ZpZWxkcyI6W10sImljb24iOiJodHRwczpcL1wvd3d3LmNhc2FsaW5hZWxiYS5jb21cL3dwLWNvbnRlbnRcL3BsdWdpbnNcL3dwLWdvb2dsZS1tYXAtcGx1Z2luXC9hc3NldHNcL2ltYWdlc1wvXC9kZWZhdWx0X21hcmtlci5wbmcifV0sImN1c3RvbV9maWx0ZXJzIjoiIn1dLCJzdHlsZXMiOiJbIHsgXCJmZWF0dXJlVHlwZVwiOiBcImFsbFwiLCBcImVsZW1lbnRUeXBlXCI6IFwiZ2VvbWV0cnkuZmlsbFwiLCBcInN0eWxlcnNcIjogWyB7IFwid2VpZ2h0XCI6IFwiMi4wMFwiIH0gXSB9LCB7IFwiZmVhdHVyZVR5cGVcIjogXCJhbGxcIiwgXCJlbGVtZW50VHlwZVwiOiBcImdlb21ldHJ5LnN0cm9rZVwiLCBcInN0eWxlcnNcIjogWyB7IFwiY29sb3JcIjogXCIjOWM5YzljXCIgfSBdIH0sIHsgXCJmZWF0dXJlVHlwZVwiOiBcImFsbFwiLCBcImVsZW1lbnRUeXBlXCI6IFwibGFiZWxzLnRleHRcIiwgXCJzdHlsZXJzXCI6IFsgeyBcInZpc2liaWxpdHlcIjogXCJvblwiIH0sIHsgXCJsaWdodG5lc3NcIjogXCIzMFwiIH0sIHsgXCJzYXR1cmF0aW9uXCI6IFwiMFwiIH0sIHsgXCJ3ZWlnaHRcIjogXCIxXCIgfSBdIH0sIHsgXCJmZWF0dXJlVHlwZVwiOiBcImxhbmRzY2FwZVwiLCBcImVsZW1lbnRUeXBlXCI6IFwiYWxsXCIsIFwic3R5bGVyc1wiOiBbIHsgXCJjb2xvclwiOiBcIiNiZWJlYmVcIiB9LCB7IFwiZ2FtbWFcIjogXCIxXCIgfSwgeyBcIndlaWdodFwiOiBcIjFcIiB9LCB7IFwibGlnaHRuZXNzXCI6IFwiMFwiIH0gXSB9LCB7IFwiZmVhdHVyZVR5cGVcIjogXCJsYW5kc2NhcGVcIiwgXCJlbGVtZW50VHlwZVwiOiBcImdlb21ldHJ5LmZpbGxcIiwgXCJzdHlsZXJzXCI6IFsgeyBcImNvbG9yXCI6IFwiI2ZmZmZmZlwiIH0gXSB9LCB7IFwiZmVhdHVyZVR5cGVcIjogXCJsYW5kc2NhcGUubWFuX21hZGVcIiwgXCJlbGVtZW50VHlwZVwiOiBcImdlb21ldHJ5LmZpbGxcIiwgXCJzdHlsZXJzXCI6IFsgeyBcImNvbG9yXCI6IFwiI2ZmZmZmZlwiIH0gXSB9LCB7IFwiZmVhdHVyZVR5cGVcIjogXCJwb2lcIiwgXCJlbGVtZW50VHlwZVwiOiBcImFsbFwiLCBcInN0eWxlcnNcIjogWyB7IFwidmlzaWJpbGl0eVwiOiBcIm9mZlwiIH0gXSB9LCB7IFwiZmVhdHVyZVR5cGVcIjogXCJyb2FkXCIsIFwiZWxlbWVudFR5cGVcIjogXCJhbGxcIiwgXCJzdHlsZXJzXCI6IFsgeyBcInNhdHVyYXRpb25cIjogLTEwMCB9LCB7IFwibGlnaHRuZXNzXCI6IDQ1IH0gXSB9LCB7IFwiZmVhdHVyZVR5cGVcIjogXCJyb2FkXCIsIFwiZWxlbWVudFR5cGVcIjogXCJnZW9tZXRyeS5maWxsXCIsIFwic3R5bGVyc1wiOiBbIHsgXCJjb2xvclwiOiBcIiNlZWVlZWVcIiB9IF0gfSwgeyBcImZlYXR1cmVUeXBlXCI6IFwicm9hZFwiLCBcImVsZW1lbnRUeXBlXCI6IFwibGFiZWxzLnRleHQuZmlsbFwiLCBcInN0eWxlcnNcIjogWyB7IFwiY29sb3JcIjogXCIjN2I3YjdiXCIgfSBdIH0sIHsgXCJmZWF0dXJlVHlwZVwiOiBcInJvYWRcIiwgXCJlbGVtZW50VHlwZVwiOiBcImxhYmVscy50ZXh0LnN0cm9rZVwiLCBcInN0eWxlcnNcIjogWyB7IFwiY29sb3JcIjogXCIjZmZmZmZmXCIgfSBdIH0sIHsgXCJmZWF0dXJlVHlwZVwiOiBcInJvYWQuaGlnaHdheVwiLCBcImVsZW1lbnRUeXBlXCI6IFwiYWxsXCIsIFwic3R5bGVyc1wiOiBbIHsgXCJ2aXNpYmlsaXR5XCI6IFwic2ltcGxpZmllZFwiIH0gXSB9LCB7IFwiZmVhdHVyZVR5cGVcIjogXCJyb2FkLmFydGVyaWFsXCIsIFwiZWxlbWVudFR5cGVcIjogXCJsYWJlbHMuaWNvblwiLCBcInN0eWxlcnNcIjogWyB7IFwidmlzaWJpbGl0eVwiOiBcIm9mZlwiIH0gXSB9LCB7IFwiZmVhdHVyZVR5cGVcIjogXCJ0cmFuc2l0XCIsIFwiZWxlbWVudFR5cGVcIjogXCJhbGxcIiwgXCJzdHlsZXJzXCI6IFsgeyBcInZpc2liaWxpdHlcIjogXCJvZmZcIiB9IF0gfSwgeyBcImZlYXR1cmVUeXBlXCI6IFwid2F0ZXJcIiwgXCJlbGVtZW50VHlwZVwiOiBcImFsbFwiLCBcInN0eWxlcnNcIjogWyB7IFwiY29sb3JcIjogXCIjNDZiY2VjXCIgfSwgeyBcInZpc2liaWxpdHlcIjogXCJvblwiIH0gXSB9LCB7IFwiZmVhdHVyZVR5cGVcIjogXCJ3YXRlclwiLCBcImVsZW1lbnRUeXBlXCI6IFwiZ2VvbWV0cnkuZmlsbFwiLCBcInN0eWxlcnNcIjogWyB7IFwiY29sb3JcIjogXCIjYzhkN2Q0XCIgfSBdIH0sIHsgXCJmZWF0dXJlVHlwZVwiOiBcIndhdGVyXCIsIFwiZWxlbWVudFR5cGVcIjogXCJsYWJlbHMudGV4dC5maWxsXCIsIFwic3R5bGVyc1wiOiBbIHsgXCJjb2xvclwiOiBcIiMwNzA3MDdcIiB9IF0gfSwgeyBcImZlYXR1cmVUeXBlXCI6IFwid2F0ZXJcIiwgXCJlbGVtZW50VHlwZVwiOiBcImxhYmVscy50ZXh0LnN0cm9rZVwiLCBcInN0eWxlcnNcIjogWyB7IFwiY29sb3JcIjogXCIjZmZmZmZmXCIgfSBdIH0gXSIsImxpc3RpbmciOiIiLCJtYXJrZXJfY2x1c3RlciI6IiIsIm1hcF9wcm9wZXJ0eSI6eyJtYXBfaWQiOiIxIiwiZGVidWdfbW9kZSI6ZmFsc2V9fQ==\"; });<\/script><\/div>\n\t\t\t\t\t\t<\/div>\n\t\t\t\t<\/div>\n\t\t\t\t<\/div>\n\t\t<div class=\"elementor-element elementor-element-b214cc0 e-flex e-con-boxed e-con e-parent\" data-id=\"b214cc0\" data-element_type=\"container\" data-settings=\"{&quot;background_background&quot;:&quot;classic&quot;,&quot;position&quot;:&quot;absolute&quot;}\">\n\t\t\t\t\t<div class=\"e-con-inner\">\n\t\t\t\t<div class=\"elementor-element elementor-element-34900fb elementor-widget elementor-widget-spacer\" data-id=\"34900fb\" data-element_type=\"widget\" data-widget_type=\"spacer.default\">\n\t\t\t\t<div class=\"elementor-widget-container\">\n\t\t\t\t\t\t\t<div class=\"elementor-spacer\">\n\t\t\t<div class=\"elementor-spacer-inner\"><\/div>\n\t\t<\/div>\n\t\t\t\t\t\t<\/div>\n\t\t\t\t<\/div>\n\t\t\t\t\t<\/div>\n\t\t\t\t<\/div>\n\t\t<div class=\"elementor-element elementor-element-5436f05 e-flex e-con-boxed e-con e-parent\" data-id=\"5436f05\" data-element_type=\"container\">\n\t\t\t\t\t<div class=\"e-con-inner\">\n\t\t\t\t<div class=\"elementor-element elementor-element-72b422a0 section-title__tagline elementor-widget elementor-widget-heading\" data-id=\"72b422a0\" data-element_type=\"widget\" data-widget_type=\"heading.default\">\n\t\t\t\t<div class=\"elementor-widget-container\">\n\t\t\t\t\t<span class=\"elementor-heading-title elementor-size-default\">Insel Elba<\/span>\t\t\t\t<\/div>\n\t\t\t\t<\/div>\n\t\t\t\t<div class=\"elementor-element elementor-element-23e348c1 section-title__title elementor-widget elementor-widget-heading\" data-id=\"23e348c1\" data-element_type=\"widget\" data-widget_type=\"heading.default\">\n\t\t\t\t<div class=\"elementor-widget-container\">\n\t\t\t\t\t<h2 class=\"elementor-heading-title elementor-size-default\">Wo Wir Sind<\/h2>\t\t\t\t<\/div>\n\t\t\t\t<\/div>\n\t\t\t\t<div class=\"elementor-element elementor-element-7b2a4116 elementor-widget elementor-widget-text-editor\" data-id=\"7b2a4116\" data-element_type=\"widget\" data-widget_type=\"text-editor.default\">\n\t\t\t\t<div class=\"elementor-widget-container\">\n\t\t\t\t\t\t\t\t\t<p class=\"mb-4\">Das <b>Casalina b&#038;b<\/b> befindet sich in einer beneidenswerten Lage im Zentrum der Insel Elba, in der Landschaft von Schiopparello, aber nur einen Katzensprung vom Meer entfernt. Der n\u00e4chstgelegene Strand ist Le Prade mit Blick auf den Golf von Portoferraio, nur 2 Minuten mit dem Auto entfernt. Hier finden Sie einen gro\u00dfen, von B\u00e4umen ges\u00e4umten Parkplatz, eine Badeanstalt und einen Pinienwald, in dem Sie sich stundenlang entspannen k\u00f6nnen.<\/p>\n<p class=\"mb-0\">F\u00fcnf Minuten entfernt liegen die kleinen K\u00fcstenorte Magazzini, Bagnaia und Nisporto mit ihren kleinen Str\u00e4nden, die Tauchzentren, Boots- und Jollenverleihe und Segelschulen beherbergen. Etwa f\u00fcnfzehn Minuten entfernt finden Sie sowohl die wei\u00dfen Str\u00e4nde des Nordens &#8211; Le Ghiaie, Padulella und Capo Bianco &#8211; als auch die Sandstr\u00e4nde der S\u00fcdseite &#8211; Lacona, Laconella und Lido. Die n\u00e4chstgelegenen St\u00e4dte sind Portoferraio (6 km entfernt), Porto Azzurro und Capoliveri (9 km entfernt).<\/p>\t\t\t\t\t\t\t\t<\/div>\n\t\t\t\t<\/div>\n\t\t\t\t\t<\/div>\n\t\t\t\t<\/div>\n\t\t<div class=\"elementor-element elementor-element-4fc2117b e-flex e-con-boxed e-con e-parent\" data-id=\"4fc2117b\" data-element_type=\"container\">\n\t\t\t\t\t<div class=\"e-con-inner\">\n\t\t<div class=\"elementor-element elementor-element-66a8adda e-flex e-con-boxed e-con e-child\" data-id=\"66a8adda\" data-element_type=\"container\" data-settings=\"{&quot;background_background&quot;:&quot;classic&quot;}\">\n\t\t\t\t\t<div class=\"e-con-inner\">\n\t\t\t\t<div class=\"elementor-element elementor-element-393743df elementor-widget elementor-widget-heading\" data-id=\"393743df\" data-element_type=\"widget\" data-widget_type=\"heading.default\">\n\t\t\t\t<div class=\"elementor-widget-container\">\n\t\t\t\t\t<h2 class=\"elementor-heading-title elementor-size-default\">Wegbeschreibung vom Hafen aus:<\/h2>\t\t\t\t<\/div>\n\t\t\t\t<\/div>\n\t\t\t\t<div class=\"elementor-element elementor-element-1406362 elementor-icon-list--layout-traditional elementor-list-item-link-full_width elementor-widget elementor-widget-icon-list\" data-id=\"1406362\" data-element_type=\"widget\" data-widget_type=\"icon-list.default\">\n\t\t\t\t<div class=\"elementor-widget-container\">\n\t\t\t\t\t\t\t<ul class=\"elementor-icon-list-items\">\n\t\t\t\t\t\t\t<li class=\"elementor-icon-list-item\">\n\t\t\t\t\t\t\t\t\t\t\t<span class=\"elementor-icon-list-icon\">\n\t\t\t\t\t\t\t<i aria-hidden=\"true\" class=\"fas fa-location-arrow\"><\/i>\t\t\t\t\t\t<\/span>\n\t\t\t\t\t\t\t\t\t\t<span class=\"elementor-icon-list-text\">Fahren Sie auf der Calata Italia 350 m nach S\u00fcden<\/span>\n\t\t\t\t\t\t\t\t\t<\/li>\n\t\t\t\t\t\t\t\t<li class=\"elementor-icon-list-item\">\n\t\t\t\t\t\t\t\t\t\t\t<span class=\"elementor-icon-list-icon\">\n\t\t\t\t\t\t\t<i aria-hidden=\"true\" class=\"fas fa-location-arrow\"><\/i>\t\t\t\t\t\t<\/span>\n\t\t\t\t\t\t\t\t\t\t<span class=\"elementor-icon-list-text\">Am Kreisverkehr nehmen Sie die 2. Ausfahrt und folgen der Viale Teseo Tesei\/SP24 f\u00fcr 450 m<\/span>\n\t\t\t\t\t\t\t\t\t<\/li>\n\t\t\t\t\t\t\t\t<li class=\"elementor-icon-list-item\">\n\t\t\t\t\t\t\t\t\t\t\t<span class=\"elementor-icon-list-icon\">\n\t\t\t\t\t\t\t<i aria-hidden=\"true\" class=\"fas fa-location-arrow\"><\/i>\t\t\t\t\t\t<\/span>\n\t\t\t\t\t\t\t\t\t\t<span class=\"elementor-icon-list-text\">Am Kreisverkehr nehmen Sie die 3. Ausfahrt und folgen der Via Cementiera\/SP24 f\u00fcr 550 m<\/span>\n\t\t\t\t\t\t\t\t\t<\/li>\n\t\t\t\t\t\t\t\t<li class=\"elementor-icon-list-item\">\n\t\t\t\t\t\t\t\t\t\t\t<span class=\"elementor-icon-list-icon\">\n\t\t\t\t\t\t\t<i aria-hidden=\"true\" class=\"fas fa-location-arrow\"><\/i>\t\t\t\t\t\t<\/span>\n\t\t\t\t\t\t\t\t\t\t<span class=\"elementor-icon-list-text\">Am Kreisverkehr nehmen Sie die 2. Ausfahrt und nehmen die SP24 f\u00fcr 800 m<\/span>\n\t\t\t\t\t\t\t\t\t<\/li>\n\t\t\t\t\t\t\t\t<li class=\"elementor-icon-list-item\">\n\t\t\t\t\t\t\t\t\t\t\t<span class=\"elementor-icon-list-icon\">\n\t\t\t\t\t\t\t<i aria-hidden=\"true\" class=\"fas fa-location-arrow\"><\/i>\t\t\t\t\t\t<\/span>\n\t\t\t\t\t\t\t\t\t\t<span class=\"elementor-icon-list-text\">Am Kreisverkehr nehmen Sie die 3. Ausfahrt und nehmen die Via Bivio Boni Cavo\/SP26 Richtung Porto Azzurro<\/span>\n\t\t\t\t\t\t\t\t\t<\/li>\n\t\t\t\t\t\t\t\t<li class=\"elementor-icon-list-item\">\n\t\t\t\t\t\t\t\t\t\t\t<span class=\"elementor-icon-list-icon\">\n\t\t\t\t\t\t\t<i aria-hidden=\"true\" class=\"fas fa-location-arrow\"><\/i>\t\t\t\t\t\t<\/span>\n\t\t\t\t\t\t\t\t\t\t<span class=\"elementor-icon-list-text\">Fahren Sie weiter auf der SP26 f\u00fcr 4,0 Km<\/span>\n\t\t\t\t\t\t\t\t\t<\/li>\n\t\t\t\t\t\t\t\t<li class=\"elementor-icon-list-item\">\n\t\t\t\t\t\t\t\t\t\t\t<span class=\"elementor-icon-list-icon\">\n\t\t\t\t\t\t\t<i aria-hidden=\"true\" class=\"fas fa-location-arrow\"><\/i>\t\t\t\t\t\t<\/span>\n\t\t\t\t\t\t\t\t\t\t<span class=\"elementor-icon-list-text\">Am Kreisverkehr fahren Sie geradeaus auf der SP26 f\u00fcr ca. 100 m<\/span>\n\t\t\t\t\t\t\t\t\t<\/li>\n\t\t\t\t\t\t\t\t<li class=\"elementor-icon-list-item\">\n\t\t\t\t\t\t\t\t\t\t\t<span class=\"elementor-icon-list-icon\">\n\t\t\t\t\t\t\t<i aria-hidden=\"true\" class=\"fas fa-location-arrow\"><\/i>\t\t\t\t\t\t<\/span>\n\t\t\t\t\t\t\t\t\t\t<span class=\"elementor-icon-list-text\">Biegen Sie rechts ab und folgen Sie den Schildern \"b&b Casalina\" f\u00fcr ca. 400 M (langsam fahren, da die Stra\u00dfe ungepflastert ist)<\/span>\n\t\t\t\t\t\t\t\t\t<\/li>\n\t\t\t\t\t\t\t\t<li class=\"elementor-icon-list-item\">\n\t\t\t\t\t\t\t\t\t\t\t<span class=\"elementor-icon-list-icon\">\n\t\t\t\t\t\t\t<i aria-hidden=\"true\" class=\"fas fa-flag-checkered\"><\/i>\t\t\t\t\t\t<\/span>\n\t\t\t\t\t\t\t\t\t\t<span class=\"elementor-icon-list-text\">Sie sind bei \"b&b Casalina\" angekommen<\/span>\n\t\t\t\t\t\t\t\t\t<\/li>\n\t\t\t\t\t\t<\/ul>\n\t\t\t\t\t\t<\/div>\n\t\t\t\t<\/div>\n\t\t\t\t\t<\/div>\n\t\t\t\t<\/div>\n\t\t\t\t\t<\/div>\n\t\t\t\t<\/div>\n\t\t\t\t<\/div>\n\t\t","protected":false},"excerpt":{"rendered":"<p>Insel Elba Wo Wir Sind Das Casalina b&#038;b befindet sich in einer beneidenswerten Lage im Zentrum der Insel Elba, in der Landschaft von Schiopparello, aber nur einen Katzensprung vom Meer entfernt. Der n\u00e4chstgelegene Strand ist Le Prade mit Blick auf den Golf von Portoferraio, nur 2 Minuten mit dem Auto entfernt. Hier finden Sie einen [&hellip;]<\/p>\n","protected":false},"author":1,"featured_media":0,"parent":0,"menu_order":5,"comment_status":"closed","ping_status":"closed","template":"elementor_header_footer","meta":{"footnotes":""},"class_list":["post-2806","page","type-page","status-publish","hentry"],"yoast_head":"<!-- This site is optimized with the Yoast SEO plugin v25.0 - https:\/\/yoast.com\/wordpress\/plugins\/seo\/ -->\n<title>Wo Wir Sind - Casalina B&amp;B, Insel Elba<\/title>\n<meta name=\"description\" content=\"Das Casalina b&amp;b befindet sich in einer beneidenswerten Lage im Zentrum der Insel Elba, in der Landschaft von Schiopparello.\" \/>\n<meta name=\"robots\" content=\"index, follow, max-snippet:-1, max-image-preview:large, max-video-preview:-1\" \/>\n<link rel=\"canonical\" href=\"https:\/\/www.casalinaelba.com\/de\/wo-wir-sind\/\" \/>\n<meta property=\"og:locale\" content=\"de_DE\" \/>\n<meta property=\"og:type\" content=\"article\" \/>\n<meta property=\"og:title\" content=\"Wo Wir Sind - Casalina B&amp;B, Insel Elba\" \/>\n<meta property=\"og:description\" content=\"Das Casalina b&amp;b befindet sich in einer beneidenswerten Lage im Zentrum der Insel Elba, in der Landschaft von Schiopparello.\" \/>\n<meta property=\"og:url\" content=\"https:\/\/www.casalinaelba.com\/de\/wo-wir-sind\/\" \/>\n<meta property=\"og:site_name\" content=\"Casalina B&amp;B\" \/>\n<meta property=\"article:modified_time\" content=\"2024-05-23T15:39:25+00:00\" \/>\n<meta name=\"twitter:card\" content=\"summary_large_image\" \/>\n<meta name=\"twitter:label1\" content=\"Gesch\u00e4tzte Lesezeit\" \/>\n\t<meta name=\"twitter:data1\" content=\"1\u00a0Minute\" \/>\n<script type=\"application\/ld+json\" class=\"yoast-schema-graph\">{\"@context\":\"https:\/\/schema.org\",\"@graph\":[{\"@type\":\"WebPage\",\"@id\":\"https:\/\/www.casalinaelba.com\/de\/wo-wir-sind\/\",\"url\":\"https:\/\/www.casalinaelba.com\/de\/wo-wir-sind\/\",\"name\":\"Wo Wir Sind - Casalina B&amp;B, Insel Elba\",\"isPartOf\":{\"@id\":\"https:\/\/www.casalinaelba.com\/de\/#website\"},\"datePublished\":\"2024-03-04T09:38:14+00:00\",\"dateModified\":\"2024-05-23T15:39:25+00:00\",\"description\":\"Das Casalina b&b befindet sich in einer beneidenswerten Lage im Zentrum der Insel Elba, in der Landschaft von Schiopparello.\",\"breadcrumb\":{\"@id\":\"https:\/\/www.casalinaelba.com\/de\/wo-wir-sind\/#breadcrumb\"},\"inLanguage\":\"de\",\"potentialAction\":[{\"@type\":\"ReadAction\",\"target\":[\"https:\/\/www.casalinaelba.com\/de\/wo-wir-sind\/\"]}]},{\"@type\":\"BreadcrumbList\",\"@id\":\"https:\/\/www.casalinaelba.com\/de\/wo-wir-sind\/#breadcrumb\",\"itemListElement\":[{\"@type\":\"ListItem\",\"position\":1,\"name\":\"Home\",\"item\":\"https:\/\/www.casalinaelba.com\/de\/\"},{\"@type\":\"ListItem\",\"position\":2,\"name\":\"Wo Wir Sind\"}]},{\"@type\":\"WebSite\",\"@id\":\"https:\/\/www.casalinaelba.com\/de\/#website\",\"url\":\"https:\/\/www.casalinaelba.com\/de\/\",\"name\":\"B&B Casalina\",\"description\":\"Insel Elba\",\"publisher\":{\"@id\":\"https:\/\/www.casalinaelba.com\/de\/#organization\"},\"potentialAction\":[{\"@type\":\"SearchAction\",\"target\":{\"@type\":\"EntryPoint\",\"urlTemplate\":\"https:\/\/www.casalinaelba.com\/de\/?s={search_term_string}\"},\"query-input\":{\"@type\":\"PropertyValueSpecification\",\"valueRequired\":true,\"valueName\":\"search_term_string\"}}],\"inLanguage\":\"de\"},{\"@type\":\"Organization\",\"@id\":\"https:\/\/www.casalinaelba.com\/de\/#organization\",\"name\":\"B&B Casalina\",\"url\":\"https:\/\/www.casalinaelba.com\/de\/\",\"logo\":{\"@type\":\"ImageObject\",\"inLanguage\":\"de\",\"@id\":\"https:\/\/www.casalinaelba.com\/de\/#\/schema\/logo\/image\/\",\"url\":\"https:\/\/www.casalinaelba.com\/wp-content\/uploads\/casa_lina_elba.png\",\"contentUrl\":\"https:\/\/www.casalinaelba.com\/wp-content\/uploads\/casa_lina_elba.png\",\"width\":500,\"height\":319,\"caption\":\"B&B Casalina\"},\"image\":{\"@id\":\"https:\/\/www.casalinaelba.com\/de\/#\/schema\/logo\/image\/\"}}]}<\/script>\n<!-- \/ Yoast SEO plugin. -->","yoast_head_json":{"title":"Wo Wir Sind - Casalina B&amp;B, Insel Elba","description":"Das Casalina b&b befindet sich in einer beneidenswerten Lage im Zentrum der Insel Elba, in der Landschaft von Schiopparello.","robots":{"index":"index","follow":"follow","max-snippet":"max-snippet:-1","max-image-preview":"max-image-preview:large","max-video-preview":"max-video-preview:-1"},"canonical":"https:\/\/www.casalinaelba.com\/de\/wo-wir-sind\/","og_locale":"de_DE","og_type":"article","og_title":"Wo Wir Sind - Casalina B&amp;B, Insel Elba","og_description":"Das Casalina b&b befindet sich in einer beneidenswerten Lage im Zentrum der Insel Elba, in der Landschaft von Schiopparello.","og_url":"https:\/\/www.casalinaelba.com\/de\/wo-wir-sind\/","og_site_name":"Casalina B&amp;B","article_modified_time":"2024-05-23T15:39:25+00:00","twitter_card":"summary_large_image","twitter_misc":{"Gesch\u00e4tzte Lesezeit":"1\u00a0Minute"},"schema":{"@context":"https:\/\/schema.org","@graph":[{"@type":"WebPage","@id":"https:\/\/www.casalinaelba.com\/de\/wo-wir-sind\/","url":"https:\/\/www.casalinaelba.com\/de\/wo-wir-sind\/","name":"Wo Wir Sind - Casalina B&amp;B, Insel Elba","isPartOf":{"@id":"https:\/\/www.casalinaelba.com\/de\/#website"},"datePublished":"2024-03-04T09:38:14+00:00","dateModified":"2024-05-23T15:39:25+00:00","description":"Das Casalina b&b befindet sich in einer beneidenswerten Lage im Zentrum der Insel Elba, in der Landschaft von Schiopparello.","breadcrumb":{"@id":"https:\/\/www.casalinaelba.com\/de\/wo-wir-sind\/#breadcrumb"},"inLanguage":"de","potentialAction":[{"@type":"ReadAction","target":["https:\/\/www.casalinaelba.com\/de\/wo-wir-sind\/"]}]},{"@type":"BreadcrumbList","@id":"https:\/\/www.casalinaelba.com\/de\/wo-wir-sind\/#breadcrumb","itemListElement":[{"@type":"ListItem","position":1,"name":"Home","item":"https:\/\/www.casalinaelba.com\/de\/"},{"@type":"ListItem","position":2,"name":"Wo Wir Sind"}]},{"@type":"WebSite","@id":"https:\/\/www.casalinaelba.com\/de\/#website","url":"https:\/\/www.casalinaelba.com\/de\/","name":"B&B Casalina","description":"Insel Elba","publisher":{"@id":"https:\/\/www.casalinaelba.com\/de\/#organization"},"potentialAction":[{"@type":"SearchAction","target":{"@type":"EntryPoint","urlTemplate":"https:\/\/www.casalinaelba.com\/de\/?s={search_term_string}"},"query-input":{"@type":"PropertyValueSpecification","valueRequired":true,"valueName":"search_term_string"}}],"inLanguage":"de"},{"@type":"Organization","@id":"https:\/\/www.casalinaelba.com\/de\/#organization","name":"B&B Casalina","url":"https:\/\/www.casalinaelba.com\/de\/","logo":{"@type":"ImageObject","inLanguage":"de","@id":"https:\/\/www.casalinaelba.com\/de\/#\/schema\/logo\/image\/","url":"https:\/\/www.casalinaelba.com\/wp-content\/uploads\/casa_lina_elba.png","contentUrl":"https:\/\/www.casalinaelba.com\/wp-content\/uploads\/casa_lina_elba.png","width":500,"height":319,"caption":"B&B Casalina"},"image":{"@id":"https:\/\/www.casalinaelba.com\/de\/#\/schema\/logo\/image\/"}}]}},"_links":{"self":[{"href":"https:\/\/www.casalinaelba.com\/de\/wp-json\/wp\/v2\/pages\/2806","targetHints":{"allow":["GET"]}}],"collection":[{"href":"https:\/\/www.casalinaelba.com\/de\/wp-json\/wp\/v2\/pages"}],"about":[{"href":"https:\/\/www.casalinaelba.com\/de\/wp-json\/wp\/v2\/types\/page"}],"author":[{"embeddable":true,"href":"https:\/\/www.casalinaelba.com\/de\/wp-json\/wp\/v2\/users\/1"}],"replies":[{"embeddable":true,"href":"https:\/\/www.casalinaelba.com\/de\/wp-json\/wp\/v2\/comments?post=2806"}],"version-history":[{"count":7,"href":"https:\/\/www.casalinaelba.com\/de\/wp-json\/wp\/v2\/pages\/2806\/revisions"}],"predecessor-version":[{"id":2814,"href":"https:\/\/www.casalinaelba.com\/de\/wp-json\/wp\/v2\/pages\/2806\/revisions\/2814"}],"wp:attachment":[{"href":"https:\/\/www.casalinaelba.com\/de\/wp-json\/wp\/v2\/media?parent=2806"}],"curies":[{"name":"wp","href":"https:\/\/api.w.org\/{rel}","templated":true}]}}