{"id":2833,"date":"2024-03-05T12:33:23","date_gmt":"2024-03-05T11:33:23","guid":{"rendered":"https:\/\/www.casalinaelba.com\/intorno-a-noi\/"},"modified":"2024-06-03T16:39:32","modified_gmt":"2024-06-03T14:39:32","slug":"in-der-naehe","status":"publish","type":"page","link":"https:\/\/www.casalinaelba.com\/de\/in-der-naehe\/","title":{"rendered":"In der N\u00e4he"},"content":{"rendered":"\t\t<div data-elementor-type=\"wp-page\" data-elementor-id=\"2833\" class=\"elementor elementor-2833 elementor-1764\">\n\t\t\t\t<div class=\"elementor-element elementor-element-3a377653 e-flex e-con-boxed e-con e-parent\" data-id=\"3a377653\" data-element_type=\"container\" data-settings=\"{&quot;background_background&quot;:&quot;classic&quot;}\">\n\t\t\t\t\t<div class=\"e-con-inner\">\n\t\t\t\t<div class=\"elementor-element elementor-element-13176ced elementor-widget elementor-widget-spacer\" data-id=\"13176ced\" data-element_type=\"widget\" data-widget_type=\"spacer.default\">\n\t\t\t\t<div class=\"elementor-widget-container\">\n\t\t\t\t\t\t\t<div class=\"elementor-spacer\">\n\t\t\t<div class=\"elementor-spacer-inner\"><\/div>\n\t\t<\/div>\n\t\t\t\t\t\t<\/div>\n\t\t\t\t<\/div>\n\t\t\t\t\t<\/div>\n\t\t\t\t<\/div>\n\t\t<div class=\"elementor-element elementor-element-655536e1 e-flex e-con-boxed e-con e-parent\" data-id=\"655536e1\" data-element_type=\"container\">\n\t\t\t\t\t<div class=\"e-con-inner\">\n\t\t\t\t<div class=\"elementor-element elementor-element-b31849d section-title__tagline elementor-widget elementor-widget-heading\" data-id=\"b31849d\" data-element_type=\"widget\" data-widget_type=\"heading.default\">\n\t\t\t\t<div class=\"elementor-widget-container\">\n\t\t\t\t\t<span class=\"elementor-heading-title elementor-size-default\">Portoferraio<\/span>\t\t\t\t<\/div>\n\t\t\t\t<\/div>\n\t\t\t\t<div class=\"elementor-element elementor-element-5373fb58 section-title__title elementor-widget elementor-widget-heading\" data-id=\"5373fb58\" data-element_type=\"widget\" data-widget_type=\"heading.default\">\n\t\t\t\t<div class=\"elementor-widget-container\">\n\t\t\t\t\t<h2 class=\"elementor-heading-title elementor-size-default\">In der N\u00e4he<\/h2>\t\t\t\t<\/div>\n\t\t\t\t<\/div>\n\t\t\t\t<div class=\"elementor-element elementor-element-36f5f872 elementor-widget elementor-widget-text-editor\" data-id=\"36f5f872\" data-element_type=\"widget\" data-widget_type=\"text-editor.default\">\n\t\t\t\t<div class=\"elementor-widget-container\">\n\t\t\t\t\t\t\t\t\t<p class=\"mb-4\">In der unmittelbaren Umgebung des <b>Bed &amp; Breakfast Casalina<\/b> k\u00f6nnen Sie einige der wichtigsten historischen St\u00e4tten der Insel besuchen: das pr\u00e4chtige <b>Castello del Volterraio<\/b>, die <b>r\u00f6mische Villa delle Grotte<\/b> und die <b>Sommerresidenz von Napoleon<\/b>.<\/p><p class=\"mb-4\">Die Burg Volterraio ist die \u00e4lteste Festungsanlage auf Elba aus dem 11. Jahrhundert. Ein einzigartiger Ausflug, um ein unvergessliches Panorama zu genie\u00dfen.<\/p><p class=\"mb-4\">Die r\u00f6mische Villa ist eine arch\u00e4ologische Ausgrabungsst\u00e4tte, in der die \u00dcberreste einer ehemals pr\u00e4chtigen Urlaubsvilla aus dem 1. Jahrhundert v. Chr. freigelegt wurden. Sie steht auf einer Landzunge mit Blick auf den Golf von Portoferraio. Ein Muss bei Sonnenuntergang.<\/p><p class=\"mb-4\">Die napoleonische Sommerresidenz von San Martino ist etwa 10 Minuten von unserem b&amp;b. Hier k\u00f6nnen Sie das Epos des kaiserlichen Adlers nacherleben, der 1814 nach Elba verbannt wurde. 1814.<\/p><p class=\"mb-0\">F\u00fcnf Minuten von uns entfernt befindet sich der <b>Golfplatz Acquabona<\/b>, ein 9-LochPlatz, ideal f\u00fcr Liebhaber und f\u00fcr diejenigen, die ihre ersten Schritte auf dem Gr\u00fcn machen wollen.<br \/>. Die n\u00e4chstgelegenen <b>Tennis<\/b>&#8211; und <b>Padelpl\u00e4tze<\/b> befinden sich etwa 5 km entfernt in San Giovanni. Rund um unseren Bauernhof gibt es Fu\u00df- und Wanderwege, ideal f\u00fcr f\u00fcr lange Spazierg\u00e4nge und Mountainbike-Touren.<\/p>\t\t\t\t\t\t\t\t<\/div>\n\t\t\t\t<\/div>\n\t\t\t\t\t<\/div>\n\t\t\t\t<\/div>\n\t\t<div class=\"elementor-element elementor-element-dce19dd e-con-full e-flex e-con e-parent\" data-id=\"dce19dd\" data-element_type=\"container\" data-settings=\"{&quot;background_background&quot;:&quot;classic&quot;}\">\n\t\t<div class=\"elementor-element elementor-element-7b928c3 e-con-full e-flex e-con e-child\" data-id=\"7b928c3\" data-element_type=\"container\">\n\t\t\t\t<div class=\"elementor-element elementor-element-c4345ec elementor-widget elementor-widget-delogis-gallery\" data-id=\"c4345ec\" data-element_type=\"widget\" data-widget_type=\"delogis-gallery.default\">\n\t\t\t\t<div class=\"elementor-widget-container\">\n\t\t\t\t\t    <!--Gallery Page Start-->\r\n    <section class=\"gallery-page\">\r\n        <div class=\"container\">\r\n            <div class=\"row masonary-layout\">\r\n                                    <!--Gallery Page Single Start-->\r\n                    <div class=\"col-xl-4 col-lg-6 col-md-6\">\r\n                        <div class=\"gallery-page__single\">\r\n                            <div class=\"gallery-page__img\">\r\n                                <img decoding=\"async\" src=\"https:\/\/www.casalinaelba.com\/wp-content\/uploads\/gallery_intorno_01.jpg\" alt=\"La Paolina\" title=\"La Paolina\" >                                <div class=\"gallery-page__icon\">\r\n                                    <a class=\"img-popup\" href=\"https:\/\/www.casalinaelba.com\/wp-content\/uploads\/gallery_intorno_01.jpg\">\r\n                                        <span aria-hidden=\"true\" class=\"  icon-plus\"><\/span>                                    <\/a>\r\n                                <\/div>\r\n                            <\/div>\r\n                        <\/div>\r\n                    <\/div>\r\n                    <!--Gallery Page Single End-->\r\n                                    <!--Gallery Page Single Start-->\r\n                    <div class=\"col-xl-4 col-lg-6 col-md-6\">\r\n                        <div class=\"gallery-page__single\">\r\n                            <div class=\"gallery-page__img\">\r\n                                <img decoding=\"async\" src=\"https:\/\/www.casalinaelba.com\/wp-content\/uploads\/gallery_intorno_02.jpg\" alt=\"Volterraio\" title=\"Volterraio\" >                                <div class=\"gallery-page__icon\">\r\n                                    <a class=\"img-popup\" href=\"https:\/\/www.casalinaelba.com\/wp-content\/uploads\/gallery_intorno_02.jpg\">\r\n                                        <span aria-hidden=\"true\" class=\"  icon-plus\"><\/span>                                    <\/a>\r\n                                <\/div>\r\n                            <\/div>\r\n                        <\/div>\r\n                    <\/div>\r\n                    <!--Gallery Page Single End-->\r\n                                    <!--Gallery Page Single Start-->\r\n                    <div class=\"col-xl-4 col-lg-6 col-md-6\">\r\n                        <div class=\"gallery-page__single\">\r\n                            <div class=\"gallery-page__img\">\r\n                                <img decoding=\"async\" src=\"https:\/\/www.casalinaelba.com\/wp-content\/uploads\/gallery_intorno_03.jpg\" alt=\"Napoleone\" title=\"Napoleone\" >                                <div class=\"gallery-page__icon\">\r\n                                    <a class=\"img-popup\" href=\"https:\/\/www.casalinaelba.com\/wp-content\/uploads\/gallery_intorno_03.jpg\">\r\n                                        <span aria-hidden=\"true\" class=\"  icon-plus\"><\/span>                                    <\/a>\r\n                                <\/div>\r\n                            <\/div>\r\n                        <\/div>\r\n                    <\/div>\r\n                    <!--Gallery Page Single End-->\r\n                                    <!--Gallery Page Single Start-->\r\n                    <div class=\"col-xl-4 col-lg-6 col-md-6\">\r\n                        <div class=\"gallery-page__single\">\r\n                            <div class=\"gallery-page__img\">\r\n                                <img decoding=\"async\" src=\"https:\/\/www.casalinaelba.com\/wp-content\/uploads\/gallery_intorno_04.jpg\" alt=\"Golf Acquabona\" title=\"Golf Acquabona\" >                                <div class=\"gallery-page__icon\">\r\n                                    <a class=\"img-popup\" href=\"https:\/\/www.casalinaelba.com\/wp-content\/uploads\/gallery_intorno_04.jpg\">\r\n                                        <span aria-hidden=\"true\" class=\"  icon-plus\"><\/span>                                    <\/a>\r\n                                <\/div>\r\n                            <\/div>\r\n                        <\/div>\r\n                    <\/div>\r\n                    <!--Gallery Page Single End-->\r\n                                    <!--Gallery Page Single Start-->\r\n                    <div class=\"col-xl-4 col-lg-6 col-md-6\">\r\n                        <div class=\"gallery-page__single\">\r\n                            <div class=\"gallery-page__img\">\r\n                                <img decoding=\"async\" src=\"https:\/\/www.casalinaelba.com\/wp-content\/uploads\/gallery_intorno_05.jpg\" alt=\"Golf Acquabona\" title=\"Golf Acquabona\" >                                <div class=\"gallery-page__icon\">\r\n                                    <a class=\"img-popup\" href=\"https:\/\/www.casalinaelba.com\/wp-content\/uploads\/gallery_intorno_05.jpg\">\r\n                                        <span aria-hidden=\"true\" class=\"  icon-plus\"><\/span>                                    <\/a>\r\n                                <\/div>\r\n                            <\/div>\r\n                        <\/div>\r\n                    <\/div>\r\n                    <!--Gallery Page Single End-->\r\n                                    <!--Gallery Page Single Start-->\r\n                    <div class=\"col-xl-4 col-lg-6 col-md-6\">\r\n                        <div class=\"gallery-page__single\">\r\n                            <div class=\"gallery-page__img\">\r\n                                <img decoding=\"async\" src=\"https:\/\/www.casalinaelba.com\/wp-content\/uploads\/gallery_intorno_06.jpg\" alt=\"Le Ghiaie\" title=\"Le Ghiaie\" >                                <div class=\"gallery-page__icon\">\r\n                                    <a class=\"img-popup\" href=\"https:\/\/www.casalinaelba.com\/wp-content\/uploads\/gallery_intorno_06.jpg\">\r\n                                        <span aria-hidden=\"true\" class=\"  icon-plus\"><\/span>                                    <\/a>\r\n                                <\/div>\r\n                            <\/div>\r\n                        <\/div>\r\n                    <\/div>\r\n                    <!--Gallery Page Single End-->\r\n                            <\/div>\r\n        <\/div>\r\n    <\/section>\r\n    <!--Gallery Page End-->\r\n\t\t\t\t<\/div>\n\t\t\t\t<\/div>\n\t\t\t\t<\/div>\n\t\t\t\t<\/div>\n\t\t\t\t<\/div>\n\t\t","protected":false},"excerpt":{"rendered":"<p>Portoferraio In der N\u00e4he In der unmittelbaren Umgebung des Bed &amp; Breakfast Casalina k\u00f6nnen Sie einige der wichtigsten historischen St\u00e4tten der Insel besuchen: das pr\u00e4chtige Castello del Volterraio, die r\u00f6mische Villa delle Grotte und die Sommerresidenz von Napoleon. Die Burg Volterraio ist die \u00e4lteste Festungsanlage auf Elba aus dem 11. Jahrhundert. Ein einzigartiger Ausflug, um [&hellip;]<\/p>\n","protected":false},"author":1,"featured_media":0,"parent":0,"menu_order":6,"comment_status":"closed","ping_status":"closed","template":"elementor_header_footer","meta":{"footnotes":""},"class_list":["post-2833","page","type-page","status-publish","hentry"],"yoast_head":"<!-- This site is optimized with the Yoast SEO plugin v25.0 - https:\/\/yoast.com\/wordpress\/plugins\/seo\/ -->\n<title>In der N\u00e4he - Casalina B&amp;B, Insel Elba<\/title>\n<meta name=\"description\" content=\"In der unmittelbaren Umgebung des Bed &amp; Breakfast Casalina k\u00f6nnen Sie besuchen: das Castello del Volterraio, die r\u00f6mische Villa delle Grotte und die Residenz von Napoleon.\" \/>\n<meta name=\"robots\" content=\"index, follow, max-snippet:-1, max-image-preview:large, max-video-preview:-1\" \/>\n<link rel=\"canonical\" href=\"https:\/\/www.casalinaelba.com\/de\/in-der-naehe\/\" \/>\n<meta property=\"og:locale\" content=\"de_DE\" \/>\n<meta property=\"og:type\" content=\"article\" \/>\n<meta property=\"og:title\" content=\"In der N\u00e4he - Casalina B&amp;B, Insel Elba\" \/>\n<meta property=\"og:description\" content=\"In der unmittelbaren Umgebung des Bed &amp; Breakfast Casalina k\u00f6nnen Sie besuchen: das Castello del Volterraio, die r\u00f6mische Villa delle Grotte und die Residenz von Napoleon.\" \/>\n<meta property=\"og:url\" content=\"https:\/\/www.casalinaelba.com\/de\/in-der-naehe\/\" \/>\n<meta property=\"og:site_name\" content=\"Casalina B&amp;B\" \/>\n<meta property=\"article:modified_time\" content=\"2024-06-03T14:39:32+00:00\" \/>\n<meta property=\"og:image\" content=\"https:\/\/www.casalinaelba.com\/wp-content\/uploads\/gallery_intorno_01.jpg\" \/>\n<meta name=\"twitter:card\" content=\"summary_large_image\" \/>\n<meta name=\"twitter:label1\" content=\"Gesch\u00e4tzte Lesezeit\" \/>\n\t<meta name=\"twitter:data1\" content=\"1\u00a0Minute\" \/>\n<script type=\"application\/ld+json\" class=\"yoast-schema-graph\">{\"@context\":\"https:\/\/schema.org\",\"@graph\":[{\"@type\":\"WebPage\",\"@id\":\"https:\/\/www.casalinaelba.com\/de\/in-der-naehe\/\",\"url\":\"https:\/\/www.casalinaelba.com\/de\/in-der-naehe\/\",\"name\":\"In der N\u00e4he - Casalina B&amp;B, Insel Elba\",\"isPartOf\":{\"@id\":\"https:\/\/www.casalinaelba.com\/de\/#website\"},\"primaryImageOfPage\":{\"@id\":\"https:\/\/www.casalinaelba.com\/de\/in-der-naehe\/#primaryimage\"},\"image\":{\"@id\":\"https:\/\/www.casalinaelba.com\/de\/in-der-naehe\/#primaryimage\"},\"thumbnailUrl\":\"https:\/\/www.casalinaelba.com\/wp-content\/uploads\/gallery_intorno_01.jpg\",\"datePublished\":\"2024-03-05T11:33:23+00:00\",\"dateModified\":\"2024-06-03T14:39:32+00:00\",\"description\":\"In der unmittelbaren Umgebung des Bed & Breakfast Casalina k\u00f6nnen Sie besuchen: das Castello del Volterraio, die r\u00f6mische Villa delle Grotte und die Residenz von Napoleon.\",\"breadcrumb\":{\"@id\":\"https:\/\/www.casalinaelba.com\/de\/in-der-naehe\/#breadcrumb\"},\"inLanguage\":\"de\",\"potentialAction\":[{\"@type\":\"ReadAction\",\"target\":[\"https:\/\/www.casalinaelba.com\/de\/in-der-naehe\/\"]}]},{\"@type\":\"ImageObject\",\"inLanguage\":\"de\",\"@id\":\"https:\/\/www.casalinaelba.com\/de\/in-der-naehe\/#primaryimage\",\"url\":\"https:\/\/www.casalinaelba.com\/wp-content\/uploads\/gallery_intorno_01.jpg\",\"contentUrl\":\"https:\/\/www.casalinaelba.com\/wp-content\/uploads\/gallery_intorno_01.jpg\"},{\"@type\":\"BreadcrumbList\",\"@id\":\"https:\/\/www.casalinaelba.com\/de\/in-der-naehe\/#breadcrumb\",\"itemListElement\":[{\"@type\":\"ListItem\",\"position\":1,\"name\":\"Home\",\"item\":\"https:\/\/www.casalinaelba.com\/de\/\"},{\"@type\":\"ListItem\",\"position\":2,\"name\":\"In der N\u00e4he\"}]},{\"@type\":\"WebSite\",\"@id\":\"https:\/\/www.casalinaelba.com\/de\/#website\",\"url\":\"https:\/\/www.casalinaelba.com\/de\/\",\"name\":\"B&B Casalina\",\"description\":\"Insel Elba\",\"publisher\":{\"@id\":\"https:\/\/www.casalinaelba.com\/de\/#organization\"},\"potentialAction\":[{\"@type\":\"SearchAction\",\"target\":{\"@type\":\"EntryPoint\",\"urlTemplate\":\"https:\/\/www.casalinaelba.com\/de\/?s={search_term_string}\"},\"query-input\":{\"@type\":\"PropertyValueSpecification\",\"valueRequired\":true,\"valueName\":\"search_term_string\"}}],\"inLanguage\":\"de\"},{\"@type\":\"Organization\",\"@id\":\"https:\/\/www.casalinaelba.com\/de\/#organization\",\"name\":\"B&B Casalina\",\"url\":\"https:\/\/www.casalinaelba.com\/de\/\",\"logo\":{\"@type\":\"ImageObject\",\"inLanguage\":\"de\",\"@id\":\"https:\/\/www.casalinaelba.com\/de\/#\/schema\/logo\/image\/\",\"url\":\"https:\/\/www.casalinaelba.com\/wp-content\/uploads\/casa_lina_elba.png\",\"contentUrl\":\"https:\/\/www.casalinaelba.com\/wp-content\/uploads\/casa_lina_elba.png\",\"width\":500,\"height\":319,\"caption\":\"B&B Casalina\"},\"image\":{\"@id\":\"https:\/\/www.casalinaelba.com\/de\/#\/schema\/logo\/image\/\"}}]}<\/script>\n<!-- \/ Yoast SEO plugin. -->","yoast_head_json":{"title":"In der N\u00e4he - Casalina B&amp;B, Insel Elba","description":"In der unmittelbaren Umgebung des Bed & Breakfast Casalina k\u00f6nnen Sie besuchen: das Castello del Volterraio, die r\u00f6mische Villa delle Grotte und die Residenz von Napoleon.","robots":{"index":"index","follow":"follow","max-snippet":"max-snippet:-1","max-image-preview":"max-image-preview:large","max-video-preview":"max-video-preview:-1"},"canonical":"https:\/\/www.casalinaelba.com\/de\/in-der-naehe\/","og_locale":"de_DE","og_type":"article","og_title":"In der N\u00e4he - Casalina B&amp;B, Insel Elba","og_description":"In der unmittelbaren Umgebung des Bed & Breakfast Casalina k\u00f6nnen Sie besuchen: das Castello del Volterraio, die r\u00f6mische Villa delle Grotte und die Residenz von Napoleon.","og_url":"https:\/\/www.casalinaelba.com\/de\/in-der-naehe\/","og_site_name":"Casalina B&amp;B","article_modified_time":"2024-06-03T14:39:32+00:00","og_image":[{"url":"https:\/\/www.casalinaelba.com\/wp-content\/uploads\/gallery_intorno_01.jpg","type":"","width":"","height":""}],"twitter_card":"summary_large_image","twitter_misc":{"Gesch\u00e4tzte Lesezeit":"1\u00a0Minute"},"schema":{"@context":"https:\/\/schema.org","@graph":[{"@type":"WebPage","@id":"https:\/\/www.casalinaelba.com\/de\/in-der-naehe\/","url":"https:\/\/www.casalinaelba.com\/de\/in-der-naehe\/","name":"In der N\u00e4he - Casalina B&amp;B, Insel Elba","isPartOf":{"@id":"https:\/\/www.casalinaelba.com\/de\/#website"},"primaryImageOfPage":{"@id":"https:\/\/www.casalinaelba.com\/de\/in-der-naehe\/#primaryimage"},"image":{"@id":"https:\/\/www.casalinaelba.com\/de\/in-der-naehe\/#primaryimage"},"thumbnailUrl":"https:\/\/www.casalinaelba.com\/wp-content\/uploads\/gallery_intorno_01.jpg","datePublished":"2024-03-05T11:33:23+00:00","dateModified":"2024-06-03T14:39:32+00:00","description":"In der unmittelbaren Umgebung des Bed & Breakfast Casalina k\u00f6nnen Sie besuchen: das Castello del Volterraio, die r\u00f6mische Villa delle Grotte und die Residenz von Napoleon.","breadcrumb":{"@id":"https:\/\/www.casalinaelba.com\/de\/in-der-naehe\/#breadcrumb"},"inLanguage":"de","potentialAction":[{"@type":"ReadAction","target":["https:\/\/www.casalinaelba.com\/de\/in-der-naehe\/"]}]},{"@type":"ImageObject","inLanguage":"de","@id":"https:\/\/www.casalinaelba.com\/de\/in-der-naehe\/#primaryimage","url":"https:\/\/www.casalinaelba.com\/wp-content\/uploads\/gallery_intorno_01.jpg","contentUrl":"https:\/\/www.casalinaelba.com\/wp-content\/uploads\/gallery_intorno_01.jpg"},{"@type":"BreadcrumbList","@id":"https:\/\/www.casalinaelba.com\/de\/in-der-naehe\/#breadcrumb","itemListElement":[{"@type":"ListItem","position":1,"name":"Home","item":"https:\/\/www.casalinaelba.com\/de\/"},{"@type":"ListItem","position":2,"name":"In der N\u00e4he"}]},{"@type":"WebSite","@id":"https:\/\/www.casalinaelba.com\/de\/#website","url":"https:\/\/www.casalinaelba.com\/de\/","name":"B&B Casalina","description":"Insel Elba","publisher":{"@id":"https:\/\/www.casalinaelba.com\/de\/#organization"},"potentialAction":[{"@type":"SearchAction","target":{"@type":"EntryPoint","urlTemplate":"https:\/\/www.casalinaelba.com\/de\/?s={search_term_string}"},"query-input":{"@type":"PropertyValueSpecification","valueRequired":true,"valueName":"search_term_string"}}],"inLanguage":"de"},{"@type":"Organization","@id":"https:\/\/www.casalinaelba.com\/de\/#organization","name":"B&B Casalina","url":"https:\/\/www.casalinaelba.com\/de\/","logo":{"@type":"ImageObject","inLanguage":"de","@id":"https:\/\/www.casalinaelba.com\/de\/#\/schema\/logo\/image\/","url":"https:\/\/www.casalinaelba.com\/wp-content\/uploads\/casa_lina_elba.png","contentUrl":"https:\/\/www.casalinaelba.com\/wp-content\/uploads\/casa_lina_elba.png","width":500,"height":319,"caption":"B&B Casalina"},"image":{"@id":"https:\/\/www.casalinaelba.com\/de\/#\/schema\/logo\/image\/"}}]}},"_links":{"self":[{"href":"https:\/\/www.casalinaelba.com\/de\/wp-json\/wp\/v2\/pages\/2833","targetHints":{"allow":["GET"]}}],"collection":[{"href":"https:\/\/www.casalinaelba.com\/de\/wp-json\/wp\/v2\/pages"}],"about":[{"href":"https:\/\/www.casalinaelba.com\/de\/wp-json\/wp\/v2\/types\/page"}],"author":[{"embeddable":true,"href":"https:\/\/www.casalinaelba.com\/de\/wp-json\/wp\/v2\/users\/1"}],"replies":[{"embeddable":true,"href":"https:\/\/www.casalinaelba.com\/de\/wp-json\/wp\/v2\/comments?post=2833"}],"version-history":[{"count":7,"href":"https:\/\/www.casalinaelba.com\/de\/wp-json\/wp\/v2\/pages\/2833\/revisions"}],"predecessor-version":[{"id":2841,"href":"https:\/\/www.casalinaelba.com\/de\/wp-json\/wp\/v2\/pages\/2833\/revisions\/2841"}],"wp:attachment":[{"href":"https:\/\/www.casalinaelba.com\/de\/wp-json\/wp\/v2\/media?parent=2833"}],"curies":[{"name":"wp","href":"https:\/\/api.w.org\/{rel}","templated":true}]}}